{"id":2189,"date":"2023-11-02T18:56:52","date_gmt":"2023-11-02T17:56:52","guid":{"rendered":"https:\/\/www.shazadconstruction.com\/?page_id=2189"},"modified":"2025-06-16T14:48:53","modified_gmt":"2025-06-16T12:48:53","slug":"news","status":"publish","type":"page","link":"https:\/\/www.shazadconstruction.com\/en\/news\/","title":{"rendered":"News"},"content":{"rendered":"<p>[vc_row][vc_column width=&#8221;2\/3&#8243;]  <div class=\"wpbakery-articles wpbakery-articles-layout14\">\n                <div class=\"article\">\n        <a href=\"https:\/\/www.shazadconstruction.com\/en\/news\/luxury-pool-construction-french-riviera-its-not-too-late-for-summer\/\" title=\"Luxury Swimming Pool Construction on the French Riviera: It\u2019s Not Too Late for Summer\">\n          <div class=\"picture\">\n            <img loading=\"lazy\" decoding=\"async\" width=\"640\" height=\"447\" src=\"https:\/\/www.shazadconstruction.com\/wp-content\/uploads\/2026\/03\/Construction-piscine-gros-oeuvre-Cannes-e1773920632331-1024x715.jpg\" class=\"attachment-large size-large wp-post-image\" alt=\"Travaux de construction piscine dans une r\u00e9sidence \u00e0 Cannes, C\u00f4te d&#039;Azur.\" srcset=\"https:\/\/www.shazadconstruction.com\/wp-content\/uploads\/2026\/03\/Construction-piscine-gros-oeuvre-Cannes-e1773920632331-1024x715.jpg 1024w, https:\/\/www.shazadconstruction.com\/wp-content\/uploads\/2026\/03\/Construction-piscine-gros-oeuvre-Cannes-e1773920632331-300x209.jpg 300w, https:\/\/www.shazadconstruction.com\/wp-content\/uploads\/2026\/03\/Construction-piscine-gros-oeuvre-Cannes-e1773920632331-768x536.jpg 768w, https:\/\/www.shazadconstruction.com\/wp-content\/uploads\/2026\/03\/Construction-piscine-gros-oeuvre-Cannes-e1773920632331-1536x1072.jpg 1536w, https:\/\/www.shazadconstruction.com\/wp-content\/uploads\/2026\/03\/Construction-piscine-gros-oeuvre-Cannes-e1773920632331-1200x838.jpg 1200w, https:\/\/www.shazadconstruction.com\/wp-content\/uploads\/2026\/03\/Construction-piscine-gros-oeuvre-Cannes-e1773920632331.jpg 1660w\" sizes=\"(max-width: 640px) 100vw, 640px\" \/>          <\/div>\n        <\/a>\n        <div class=\"content\">\n          <div class=\"article-header\">\n            <div class=\"article-logo\">\n              <i class=\"fa fa-image\"><\/i>\n            <\/div>\n\n            <div class=\"article-info\">\n              <h3><a class=\"title\" href=\"https:\/\/www.shazadconstruction.com\/en\/news\/luxury-pool-construction-french-riviera-its-not-too-late-for-summer\/\"\n                     title=\"Luxury Swimming Pool Construction on the French Riviera: It\u2019s Not Too Late for Summer\">Luxury Swimming Pool Construction on the French Riviera: It\u2019s Not Too Late for Summer<\/a><\/h3>\n              <div>\n                <ul>\n                  <li><a href=\"https:\/\/www.shazadconstruction.com\/en\/news\/luxury-pool-construction-french-riviera-its-not-too-late-for-summer\/\"><i\n                        class=\"fa fa-calendar\"><\/i> 20 March 2026<\/a><\/li>\n                  <li><i class=\"fa fa-folder-open\"><\/i> <a href=\"https:\/\/www.shazadconstruction.com\/en\/category\/news\/\">news<\/a><\/li>                                  <\/ul>\n              <\/div>\n            <\/div>\n          <\/div>\n          <div class=\"excerpt\"><p>[vc_row][vc_column][vc_column_text]For villa owners on the French Riviera, a swimming pool is not a luxury add-on \u2014 it is an essential architectural feature. If you are considering building a bespoke pool for your property, great news: it is not too late to complete your project in time for summer, provided planning begins now. &nbsp; How Long [&hellip;]<\/p>\n<\/div>\n          <a class=\"button\" href=\"https:\/\/www.shazadconstruction.com\/en\/news\/luxury-pool-construction-french-riviera-its-not-too-late-for-summer\/\" title=\"Luxury Swimming Pool Construction on the French Riviera: It\u2019s Not Too Late for Summer\">\n            Read more          <\/a>\n        <\/div>\n      <\/div>\n                      <div class=\"article\">\n        <a href=\"https:\/\/www.shazadconstruction.com\/en\/news\/air-conditioning-for-your-luxury-home\/\" title=\"Have you thought about air condititioning for your luxury home?\">\n          <div class=\"picture\">\n            <img loading=\"lazy\" decoding=\"async\" width=\"640\" height=\"481\" src=\"https:\/\/www.shazadconstruction.com\/wp-content\/uploads\/2026\/03\/P1090171_1.jpg\" class=\"attachment-large size-large wp-post-image\" alt=\"Frameless air-conditioning vents integrated into the ceiling beside hanging light fixtures.\" srcset=\"https:\/\/www.shazadconstruction.com\/wp-content\/uploads\/2026\/03\/P1090171_1.jpg 1024w, https:\/\/www.shazadconstruction.com\/wp-content\/uploads\/2026\/03\/P1090171_1-300x225.jpg 300w, https:\/\/www.shazadconstruction.com\/wp-content\/uploads\/2026\/03\/P1090171_1-768x577.jpg 768w\" sizes=\"(max-width: 640px) 100vw, 640px\" \/>          <\/div>\n        <\/a>\n        <div class=\"content\">\n          <div class=\"article-header\">\n            <div class=\"article-logo\">\n              <i class=\"fa fa-image\"><\/i>\n            <\/div>\n\n            <div class=\"article-info\">\n              <h3><a class=\"title\" href=\"https:\/\/www.shazadconstruction.com\/en\/news\/air-conditioning-for-your-luxury-home\/\"\n                     title=\"Have you thought about air condititioning for your luxury home?\">Have you thought about air condititioning for your luxury home?<\/a><\/h3>\n              <div>\n                <ul>\n                  <li><a href=\"https:\/\/www.shazadconstruction.com\/en\/news\/air-conditioning-for-your-luxury-home\/\"><i\n                        class=\"fa fa-calendar\"><\/i> 7 March 2026<\/a><\/li>\n                  <li><i class=\"fa fa-folder-open\"><\/i> <a href=\"https:\/\/www.shazadconstruction.com\/en\/category\/news\/\">news<\/a><\/li>                                  <\/ul>\n              <\/div>\n            <\/div>\n          <\/div>\n          <div class=\"excerpt\"><p>[vc_row][vc_column][vc_column_text] Air Conditioning for High-End Homes While the Mediterranean lifestyle is synonymous with sea breezes and sun-drenched terraces, modern high-end living increasingly demands discreet, intelligent climate control that works in harmony with architectural design. Air conditioning is no longer seen as an optional add-on in luxury real estate \u2014 it&#8217;s becoming an essential feature of [&hellip;]<\/p>\n<\/div>\n          <a class=\"button\" href=\"https:\/\/www.shazadconstruction.com\/en\/news\/air-conditioning-for-your-luxury-home\/\" title=\"Have you thought about air condititioning for your luxury home?\">\n            Read more          <\/a>\n        <\/div>\n      <\/div>\n                      <div class=\"article\">\n        <a href=\"https:\/\/www.shazadconstruction.com\/en\/news\/shazad-construction-expands-into-luxury-real-estate-on-the-french-rivivera\/\" title=\"Shazad Construction expands into luxury real estate on the French Rivivera\">\n          <div class=\"picture\">\n            <img loading=\"lazy\" decoding=\"async\" width=\"640\" height=\"360\" src=\"https:\/\/www.shazadconstruction.com\/wp-content\/uploads\/2025\/12\/constructeur-maison-promotion-immobiliere-cote-dazur-Shazad-Construction-1024x576.jpg\" class=\"attachment-large size-large wp-post-image\" alt=\"constructeur villa de luxe promotion immobili\u00e8re c\u00f4te d&#039;azur - Shazad Construction\" srcset=\"https:\/\/www.shazadconstruction.com\/wp-content\/uploads\/2025\/12\/constructeur-maison-promotion-immobiliere-cote-dazur-Shazad-Construction-1024x576.jpg 1024w, https:\/\/www.shazadconstruction.com\/wp-content\/uploads\/2025\/12\/constructeur-maison-promotion-immobiliere-cote-dazur-Shazad-Construction-300x169.jpg 300w, https:\/\/www.shazadconstruction.com\/wp-content\/uploads\/2025\/12\/constructeur-maison-promotion-immobiliere-cote-dazur-Shazad-Construction-768x432.jpg 768w, https:\/\/www.shazadconstruction.com\/wp-content\/uploads\/2025\/12\/constructeur-maison-promotion-immobiliere-cote-dazur-Shazad-Construction-1536x864.jpg 1536w, https:\/\/www.shazadconstruction.com\/wp-content\/uploads\/2025\/12\/constructeur-maison-promotion-immobiliere-cote-dazur-Shazad-Construction-1200x675.jpg 1200w, https:\/\/www.shazadconstruction.com\/wp-content\/uploads\/2025\/12\/constructeur-maison-promotion-immobiliere-cote-dazur-Shazad-Construction-1920x1080.jpg 1920w, https:\/\/www.shazadconstruction.com\/wp-content\/uploads\/2025\/12\/constructeur-maison-promotion-immobiliere-cote-dazur-Shazad-Construction.jpg 2040w\" sizes=\"(max-width: 640px) 100vw, 640px\" \/>          <\/div>\n        <\/a>\n        <div class=\"content\">\n          <div class=\"article-header\">\n            <div class=\"article-logo\">\n              <i class=\"fa fa-image\"><\/i>\n            <\/div>\n\n            <div class=\"article-info\">\n              <h3><a class=\"title\" href=\"https:\/\/www.shazadconstruction.com\/en\/news\/shazad-construction-expands-into-luxury-real-estate-on-the-french-rivivera\/\"\n                     title=\"Shazad Construction expands into luxury real estate on the French Rivivera\">Shazad Construction expands into luxury real estate on the French Rivivera<\/a><\/h3>\n              <div>\n                <ul>\n                  <li><a href=\"https:\/\/www.shazadconstruction.com\/en\/news\/shazad-construction-expands-into-luxury-real-estate-on-the-french-rivivera\/\"><i\n                        class=\"fa fa-calendar\"><\/i> 11 December 2025<\/a><\/li>\n                  <li><i class=\"fa fa-folder-open\"><\/i> <a href=\"https:\/\/www.shazadconstruction.com\/en\/category\/news\/\">news<\/a><\/li>                                  <\/ul>\n              <\/div>\n            <\/div>\n          <\/div>\n          <div class=\"excerpt\"><p>[vc_row][vc_column][vc_column_text] Shazad Construction expands into luxury real-estate development with a prestigious villa in P\u00e9gomas \u2013 French Riviera Shazad Construction, a leading building company known for its high-end construction and renovation expertise on the French Riviera, is entering a new era. We are now expanding into luxury property development, with an exceptional first project located in [&hellip;]<\/p>\n<\/div>\n          <a class=\"button\" href=\"https:\/\/www.shazadconstruction.com\/en\/news\/shazad-construction-expands-into-luxury-real-estate-on-the-french-rivivera\/\" title=\"Shazad Construction expands into luxury real estate on the French Rivivera\">\n            Read more          <\/a>\n        <\/div>\n      <\/div>\n            <\/div>\n\n      <div class=\"pagination\">\n      <span aria-current=\"page\" class=\"page-numbers current\">1<\/span>\n<a class=\"page-numbers\" href=\"https:\/\/www.shazadconstruction.com\/en\/wp-json\/wp\/v2\/pages\/2189\/page\/2\/\">2<\/a>\n<a class=\"page-numbers\" href=\"https:\/\/www.shazadconstruction.com\/en\/wp-json\/wp\/v2\/pages\/2189\/page\/3\/\">3<\/a>\n<a class=\"page-numbers\" href=\"https:\/\/www.shazadconstruction.com\/en\/wp-json\/wp\/v2\/pages\/2189\/page\/4\/\">4<\/a>    <\/div>\n  [\/vc_column][vc_column width=&#8221;1\/3&#8243;]<p>[vc_row][vc_column]<h2  class=\"cc-title-secondary cc-title-secondary-left \"\r\nstyle=\"\">\r\n  <span>Latest articles<\/span>\r\n<\/h2>  <div class=\"wpbakery-articles wpbakery-articles-layout15\">\r\n          \r\n      <div class=\"article\">\r\n        <a class=\"picture\" href=\"https:\/\/www.shazadconstruction.com\/en\/news\/luxury-pool-construction-french-riviera-its-not-too-late-for-summer\/\" title=\"Luxury Swimming Pool Construction on the French Riviera: It\u2019s Not Too Late for Summer\">\r\n          <img loading=\"lazy\" decoding=\"async\" width=\"150\" height=\"150\" src=\"https:\/\/www.shazadconstruction.com\/wp-content\/uploads\/2026\/03\/Construction-piscine-gros-oeuvre-Cannes-e1773920632331-150x150.jpg\" class=\"attachment-thumbnail size-thumbnail wp-post-image\" alt=\"Travaux de construction piscine dans une r\u00e9sidence \u00e0 Cannes, C\u00f4te d&#039;Azur.\" \/>        <\/a>\r\n        <div class=\"content\">\r\n          <div class=\"article-info\">\r\n            <div class=\"date\">20 March 2026<\/div>\r\n            <a class=\"title\" href=\"https:\/\/www.shazadconstruction.com\/en\/news\/luxury-pool-construction-french-riviera-its-not-too-late-for-summer\/\" title=\"Luxury Swimming Pool Construction on the French Riviera: It\u2019s Not Too Late for Summer\">Luxury Swimming Pool Construction on the French Riviera: It\u2019s Not Too Late for Summer<\/a>\r\n          <\/div>\r\n        <\/div>\r\n      <\/div>\r\n\r\n                \r\n      <div class=\"article\">\r\n        <a class=\"picture\" href=\"https:\/\/www.shazadconstruction.com\/en\/news\/air-conditioning-for-your-luxury-home\/\" title=\"Have you thought about air condititioning for your luxury home?\">\r\n          <img loading=\"lazy\" decoding=\"async\" width=\"150\" height=\"150\" src=\"https:\/\/www.shazadconstruction.com\/wp-content\/uploads\/2026\/03\/P1090171_1-150x150.jpg\" class=\"attachment-thumbnail size-thumbnail wp-post-image\" alt=\"Frameless air-conditioning vents integrated into the ceiling beside hanging light fixtures.\" \/>        <\/a>\r\n        <div class=\"content\">\r\n          <div class=\"article-info\">\r\n            <div class=\"date\">7 March 2026<\/div>\r\n            <a class=\"title\" href=\"https:\/\/www.shazadconstruction.com\/en\/news\/air-conditioning-for-your-luxury-home\/\" title=\"Have you thought about air condititioning for your luxury home?\">Have you thought about air condititioning for your luxury home?<\/a>\r\n          <\/div>\r\n        <\/div>\r\n      <\/div>\r\n\r\n                \r\n      <div class=\"article\">\r\n        <a class=\"picture\" href=\"https:\/\/www.shazadconstruction.com\/en\/news\/shazad-construction-expands-into-luxury-real-estate-on-the-french-rivivera\/\" title=\"Shazad Construction expands into luxury real estate on the French Rivivera\">\r\n          <img loading=\"lazy\" decoding=\"async\" width=\"150\" height=\"150\" src=\"https:\/\/www.shazadconstruction.com\/wp-content\/uploads\/2025\/12\/constructeur-maison-promotion-immobiliere-cote-dazur-Shazad-Construction-150x150.jpg\" class=\"attachment-thumbnail size-thumbnail wp-post-image\" alt=\"constructeur villa de luxe promotion immobili\u00e8re c\u00f4te d&#039;azur - Shazad Construction\" \/>        <\/a>\r\n        <div class=\"content\">\r\n          <div class=\"article-info\">\r\n            <div class=\"date\">11 December 2025<\/div>\r\n            <a class=\"title\" href=\"https:\/\/www.shazadconstruction.com\/en\/news\/shazad-construction-expands-into-luxury-real-estate-on-the-french-rivivera\/\" title=\"Shazad Construction expands into luxury real estate on the French Rivivera\">Shazad Construction expands into luxury real estate on the French Rivivera<\/a>\r\n          <\/div>\r\n        <\/div>\r\n      <\/div>\r\n\r\n            <\/div>\r\n[\/vc_column][\/vc_row]<\/p>\r\n<style type=\"text\/css\" data-type=\"vc_shortcodes-custom-css\"><\/style>[\/vc_column][\/vc_row]<\/p>\n","protected":false},"excerpt":{"rendered":"<p>[vc_row][vc_column width=&#8221;2\/3&#8243;][\/vc_column][vc_column width=&#8221;1\/3&#8243;][\/vc_column][\/vc_row]<\/p>\n","protected":false},"author":2,"featured_media":0,"parent":0,"menu_order":0,"comment_status":"closed","ping_status":"closed","template":"","meta":{"footnotes":""},"yoast_head":"<!-- This site is optimized with the Yoast SEO plugin v21.7 - https:\/\/yoast.com\/wordpress\/plugins\/seo\/ -->\n<title>Latest news from the building experts - Shazad Construction<\/title>\n<meta name=\"description\" content=\"Latest news in construction from the building experts Shazad Construction, a general contractor based on the French Riviera.\" \/>\n<meta name=\"robots\" content=\"index, follow, max-snippet:-1, max-image-preview:large, max-video-preview:-1\" \/>\n<link rel=\"canonical\" href=\"https:\/\/www.shazadconstruction.com\/en\/accueil\/news\/\" \/>\n<meta property=\"og:locale\" content=\"en_US\" \/>\n<meta property=\"og:type\" content=\"article\" \/>\n<meta property=\"og:title\" content=\"Latest news from the building experts - Shazad Construction\" \/>\n<meta property=\"og:description\" content=\"Latest news in construction from the building experts Shazad Construction, a general contractor based on the French Riviera.\" \/>\n<meta property=\"og:url\" content=\"https:\/\/www.shazadconstruction.com\/en\/accueil\/news\/\" \/>\n<meta property=\"og:site_name\" content=\"Shazad Construction\" \/>\n<meta property=\"article:modified_time\" content=\"2025-06-16T12:48:53+00:00\" \/>\n<meta name=\"twitter:card\" content=\"summary_large_image\" \/>\n<meta name=\"twitter:label1\" content=\"Est. reading time\" \/>\n\t<meta name=\"twitter:data1\" content=\"1 minute\" \/>\n<script type=\"application\/ld+json\" class=\"yoast-schema-graph\">{\"@context\":\"https:\/\/schema.org\",\"@graph\":[{\"@type\":\"WebPage\",\"@id\":\"https:\/\/www.shazadconstruction.com\/en\/accueil\/news\/\",\"url\":\"https:\/\/www.shazadconstruction.com\/en\/accueil\/news\/\",\"name\":\"Latest news from the building experts - Shazad Construction\",\"isPartOf\":{\"@id\":\"https:\/\/www.shazadconstruction.com\/fr\/#website\"},\"datePublished\":\"2023-11-02T17:56:52+00:00\",\"dateModified\":\"2025-06-16T12:48:53+00:00\",\"description\":\"Latest news in construction from the building experts Shazad Construction, a general contractor based on the French Riviera.\",\"breadcrumb\":{\"@id\":\"https:\/\/www.shazadconstruction.com\/en\/accueil\/news\/#breadcrumb\"},\"inLanguage\":\"en-US\",\"potentialAction\":[{\"@type\":\"ReadAction\",\"target\":[\"https:\/\/www.shazadconstruction.com\/en\/accueil\/news\/\"]}]},{\"@type\":\"BreadcrumbList\",\"@id\":\"https:\/\/www.shazadconstruction.com\/en\/accueil\/news\/#breadcrumb\",\"itemListElement\":[{\"@type\":\"ListItem\",\"position\":1,\"name\":\"Accueil\",\"item\":\"https:\/\/www.shazadconstruction.com\/en\/\"},{\"@type\":\"ListItem\",\"position\":2,\"name\":\"News\"}]},{\"@type\":\"WebSite\",\"@id\":\"https:\/\/www.shazadconstruction.com\/fr\/#website\",\"url\":\"https:\/\/www.shazadconstruction.com\/fr\/\",\"name\":\"Shazad Construction\",\"description\":\"\",\"potentialAction\":[{\"@type\":\"SearchAction\",\"target\":{\"@type\":\"EntryPoint\",\"urlTemplate\":\"https:\/\/www.shazadconstruction.com\/fr\/?s={search_term_string}\"},\"query-input\":\"required name=search_term_string\"}],\"inLanguage\":\"en-US\"}]}<\/script>\n<!-- \/ Yoast SEO plugin. -->","yoast_head_json":{"title":"Latest news from the building experts - Shazad Construction","description":"Latest news in construction from the building experts Shazad Construction, a general contractor based on the French Riviera.","robots":{"index":"index","follow":"follow","max-snippet":"max-snippet:-1","max-image-preview":"max-image-preview:large","max-video-preview":"max-video-preview:-1"},"canonical":"https:\/\/www.shazadconstruction.com\/en\/accueil\/news\/","og_locale":"en_US","og_type":"article","og_title":"Latest news from the building experts - Shazad Construction","og_description":"Latest news in construction from the building experts Shazad Construction, a general contractor based on the French Riviera.","og_url":"https:\/\/www.shazadconstruction.com\/en\/accueil\/news\/","og_site_name":"Shazad Construction","article_modified_time":"2025-06-16T12:48:53+00:00","twitter_card":"summary_large_image","twitter_misc":{"Est. reading time":"1 minute"},"schema":{"@context":"https:\/\/schema.org","@graph":[{"@type":"WebPage","@id":"https:\/\/www.shazadconstruction.com\/en\/accueil\/news\/","url":"https:\/\/www.shazadconstruction.com\/en\/accueil\/news\/","name":"Latest news from the building experts - Shazad Construction","isPartOf":{"@id":"https:\/\/www.shazadconstruction.com\/fr\/#website"},"datePublished":"2023-11-02T17:56:52+00:00","dateModified":"2025-06-16T12:48:53+00:00","description":"Latest news in construction from the building experts Shazad Construction, a general contractor based on the French Riviera.","breadcrumb":{"@id":"https:\/\/www.shazadconstruction.com\/en\/accueil\/news\/#breadcrumb"},"inLanguage":"en-US","potentialAction":[{"@type":"ReadAction","target":["https:\/\/www.shazadconstruction.com\/en\/accueil\/news\/"]}]},{"@type":"BreadcrumbList","@id":"https:\/\/www.shazadconstruction.com\/en\/accueil\/news\/#breadcrumb","itemListElement":[{"@type":"ListItem","position":1,"name":"Accueil","item":"https:\/\/www.shazadconstruction.com\/en\/"},{"@type":"ListItem","position":2,"name":"News"}]},{"@type":"WebSite","@id":"https:\/\/www.shazadconstruction.com\/fr\/#website","url":"https:\/\/www.shazadconstruction.com\/fr\/","name":"Shazad Construction","description":"","potentialAction":[{"@type":"SearchAction","target":{"@type":"EntryPoint","urlTemplate":"https:\/\/www.shazadconstruction.com\/fr\/?s={search_term_string}"},"query-input":"required name=search_term_string"}],"inLanguage":"en-US"}]}},"_links":{"self":[{"href":"https:\/\/www.shazadconstruction.com\/en\/wp-json\/wp\/v2\/pages\/2189"}],"collection":[{"href":"https:\/\/www.shazadconstruction.com\/en\/wp-json\/wp\/v2\/pages"}],"about":[{"href":"https:\/\/www.shazadconstruction.com\/en\/wp-json\/wp\/v2\/types\/page"}],"author":[{"embeddable":true,"href":"https:\/\/www.shazadconstruction.com\/en\/wp-json\/wp\/v2\/users\/2"}],"replies":[{"embeddable":true,"href":"https:\/\/www.shazadconstruction.com\/en\/wp-json\/wp\/v2\/comments?post=2189"}],"version-history":[{"count":0,"href":"https:\/\/www.shazadconstruction.com\/en\/wp-json\/wp\/v2\/pages\/2189\/revisions"}],"wp:attachment":[{"href":"https:\/\/www.shazadconstruction.com\/en\/wp-json\/wp\/v2\/media?parent=2189"}],"curies":[{"name":"wp","href":"https:\/\/api.w.org\/{rel}","templated":true}]}}