{"id":18,"date":"2021-01-20T13:39:08","date_gmt":"2021-01-20T12:39:08","guid":{"rendered":"https:\/\/www.shazadconstruction.com\/?page_id=18"},"modified":"2025-01-16T15:57:45","modified_gmt":"2025-01-16T14:57:45","slug":"projet-de-construction","status":"publish","type":"page","link":"https:\/\/www.shazadconstruction.com\/fr\/projet-de-construction\/","title":{"rendered":"Nos projets"},"content":{"rendered":"<p>[vc_row][vc_column]  <div class=\"wpbakery-portfolio wpbakery-portfolio-layout8\" data-items-row=\"3\">\r\n    \r\n          <div class=\"portfolio-container\">\r\n      \t                    <div class=\"item\">\r\n            <div class=\"item-container\">\r\n              <a href=\"https:\/\/www.shazadconstruction.com\/fr\/portfolio\/gros-oeuvre\/construction-villa-theoule-sur-mer\/\">\r\n                <div class=\"picture\" style=\"background-image: url('https:\/\/www.shazadconstruction.com\/wp-content\/uploads\/2021\/02\/icon-.jpg');\">\r\n                  <div class=\"info\">\r\n                    <div class=\"title\">\r\n                      <h3>Assemblage Villa Th\u00e9oule-sur-Mer<\/h3>\r\n                                              <div class=\"categories\">\r\n                                                      <span>Gros-oeuvre<\/span>\r\n                                                  <\/div>\r\n                                          <\/div>\r\n                    <div class=\"more\">\r\n                      <i class=\"fa fa-eye\" aria-hidden=\"true\"><\/i>\r\n                    <\/div>\r\n                  <\/div>\r\n                <\/div>\r\n              <\/a>\r\n            <\/div>\r\n          <\/div>\r\n                                      <div class=\"item\">\r\n            <div class=\"item-container\">\r\n              <a href=\"https:\/\/www.shazadconstruction.com\/fr\/portfolio\/tous-corps-detat\/renovation-maison-cannes-centre\/\">\r\n                <div class=\"picture\" style=\"background-image: url('https:\/\/www.shazadconstruction.com\/wp-content\/uploads\/2021\/02\/P1070093-2_1.jpg');\">\r\n                  <div class=\"info\">\r\n                    <div class=\"title\">\r\n                      <h3>R\u00e9novation maison moderne Cannes Centre<\/h3>\r\n                                              <div class=\"categories\">\r\n                                                      <span>Tous corps d'\u00e9tat<\/span>\r\n                                                  <\/div>\r\n                                          <\/div>\r\n                    <div class=\"more\">\r\n                      <i class=\"fa fa-eye\" aria-hidden=\"true\"><\/i>\r\n                    <\/div>\r\n                  <\/div>\r\n                <\/div>\r\n              <\/a>\r\n            <\/div>\r\n          <\/div>\r\n                                      <div class=\"item\">\r\n            <div class=\"item-container\">\r\n              <a href=\"https:\/\/www.shazadconstruction.com\/fr\/portfolio\/tous-corps-detat\/renovation-villa-antibes\/\">\r\n                <div class=\"picture\" style=\"background-image: url('https:\/\/www.shazadconstruction.com\/wp-content\/uploads\/2021\/02\/P1150333-scaled.jpg');\">\r\n                  <div class=\"info\">\r\n                    <div class=\"title\">\r\n                      <h3>R\u00e9novation villa moderne Cap d&rsquo;Antibes<\/h3>\r\n                                              <div class=\"categories\">\r\n                                                      <span>Tous corps d'\u00e9tat<\/span>\r\n                                                  <\/div>\r\n                                          <\/div>\r\n                    <div class=\"more\">\r\n                      <i class=\"fa fa-eye\" aria-hidden=\"true\"><\/i>\r\n                    <\/div>\r\n                  <\/div>\r\n                <\/div>\r\n              <\/a>\r\n            <\/div>\r\n          <\/div>\r\n                                      <div class=\"item\">\r\n            <div class=\"item-container\">\r\n              <a href=\"https:\/\/www.shazadconstruction.com\/fr\/portfolio\/tous-corps-detat\/renovation-appartement-le-cannet\/\">\r\n                <div class=\"picture\" style=\"background-image: url('https:\/\/www.shazadconstruction.com\/wp-content\/uploads\/2021\/02\/renovation-appartement-le-cannet-slide-cuisine-7.jpg');\">\r\n                  <div class=\"info\">\r\n                    <div class=\"title\">\r\n                      <h3>R\u00e9novation appartement Le Cannet<\/h3>\r\n                                              <div class=\"categories\">\r\n                                                      <span>Tous corps d'\u00e9tat<\/span>\r\n                                                  <\/div>\r\n                                          <\/div>\r\n                    <div class=\"more\">\r\n                      <i class=\"fa fa-eye\" aria-hidden=\"true\"><\/i>\r\n                    <\/div>\r\n                  <\/div>\r\n                <\/div>\r\n              <\/a>\r\n            <\/div>\r\n          <\/div>\r\n                                      <div class=\"item\">\r\n            <div class=\"item-container\">\r\n              <a href=\"https:\/\/www.shazadconstruction.com\/fr\/portfolio\/tous-corps-detat\/renovation-appartement-cannes\/\">\r\n                <div class=\"picture\" style=\"background-image: url('https:\/\/www.shazadconstruction.com\/wp-content\/uploads\/2021\/09\/P1110772.jpg');\">\r\n                  <div class=\"info\">\r\n                    <div class=\"title\">\r\n                      <h3>R\u00e9novation appartement Cannes<\/h3>\r\n                                              <div class=\"categories\">\r\n                                                      <span>Tous corps d'\u00e9tat<\/span>\r\n                                                  <\/div>\r\n                                          <\/div>\r\n                    <div class=\"more\">\r\n                      <i class=\"fa fa-eye\" aria-hidden=\"true\"><\/i>\r\n                    <\/div>\r\n                  <\/div>\r\n                <\/div>\r\n              <\/a>\r\n            <\/div>\r\n          <\/div>\r\n                                      <div class=\"item\">\r\n            <div class=\"item-container\">\r\n              <a href=\"https:\/\/www.shazadconstruction.com\/fr\/portfolio\/maconnerie\/renovation-piscine-alpes-maritimes\/\">\r\n                <div class=\"picture\" style=\"background-image: url('https:\/\/www.shazadconstruction.com\/wp-content\/uploads\/2021\/02\/renovation-piscine-cannes.jpg');\">\r\n                  <div class=\"info\">\r\n                    <div class=\"title\">\r\n                      <h3>R\u00e9novation piscine Alpes-Maritimes<\/h3>\r\n                                              <div class=\"categories\">\r\n                                                      <span>Ma\u00e7onnerie<\/span>\r\n                                                      <span>Rev\u00eatements durs<\/span>\r\n                                                  <\/div>\r\n                                          <\/div>\r\n                    <div class=\"more\">\r\n                      <i class=\"fa fa-eye\" aria-hidden=\"true\"><\/i>\r\n                    <\/div>\r\n                  <\/div>\r\n                <\/div>\r\n              <\/a>\r\n            <\/div>\r\n          <\/div>\r\n                                      <div class=\"item\">\r\n            <div class=\"item-container\">\r\n              <a href=\"https:\/\/www.shazadconstruction.com\/fr\/portfolio\/gros-oeuvre\/construction-maison-antibes\/\">\r\n                <div class=\"picture\" style=\"background-image: url('https:\/\/www.shazadconstruction.com\/wp-content\/uploads\/2021\/02\/icon-7.jpg');\">\r\n                  <div class=\"info\">\r\n                    <div class=\"title\">\r\n                      <h3>Construction maison Antibes 1200m\u00b2<\/h3>\r\n                                              <div class=\"categories\">\r\n                                                      <span>Gros-oeuvre<\/span>\r\n                                                  <\/div>\r\n                                          <\/div>\r\n                    <div class=\"more\">\r\n                      <i class=\"fa fa-eye\" aria-hidden=\"true\"><\/i>\r\n                    <\/div>\r\n                  <\/div>\r\n                <\/div>\r\n              <\/a>\r\n            <\/div>\r\n          <\/div>\r\n                                      <div class=\"item\">\r\n            <div class=\"item-container\">\r\n              <a href=\"https:\/\/www.shazadconstruction.com\/fr\/portfolio\/tous-corps-detat\/renovation-penthouse-cannes\/\">\r\n                <div class=\"picture\" style=\"background-image: url('https:\/\/www.shazadconstruction.com\/wp-content\/uploads\/2021\/09\/P1140046.jpg');\">\r\n                  <div class=\"info\">\r\n                    <div class=\"title\">\r\n                      <h3>R\u00e9novation penthouse Cannes<\/h3>\r\n                                              <div class=\"categories\">\r\n                                                      <span>Tous corps d'\u00e9tat<\/span>\r\n                                                  <\/div>\r\n                                          <\/div>\r\n                    <div class=\"more\">\r\n                      <i class=\"fa fa-eye\" aria-hidden=\"true\"><\/i>\r\n                    <\/div>\r\n                  <\/div>\r\n                <\/div>\r\n              <\/a>\r\n            <\/div>\r\n          <\/div>\r\n                                      <div class=\"item\">\r\n            <div class=\"item-container\">\r\n              <a href=\"https:\/\/www.shazadconstruction.com\/fr\/portfolio\/gros-oeuvre\/construction-piscine-cannes\/\">\r\n                <div class=\"picture\" style=\"background-image: url('https:\/\/www.shazadconstruction.com\/wp-content\/uploads\/2021\/02\/d.jpg');\">\r\n                  <div class=\"info\">\r\n                    <div class=\"title\">\r\n                      <h3>Construction piscine \u00e0 d\u00e9bordement Cannes<\/h3>\r\n                                              <div class=\"categories\">\r\n                                                      <span>Gros-oeuvre<\/span>\r\n                                                      <span>Rev\u00eatements durs<\/span>\r\n                                                  <\/div>\r\n                                          <\/div>\r\n                    <div class=\"more\">\r\n                      <i class=\"fa fa-eye\" aria-hidden=\"true\"><\/i>\r\n                    <\/div>\r\n                  <\/div>\r\n                <\/div>\r\n              <\/a>\r\n            <\/div>\r\n          <\/div>\r\n                                      <div class=\"item\">\r\n            <div class=\"item-container\">\r\n              <a href=\"https:\/\/www.shazadconstruction.com\/fr\/portfolio\/gros-oeuvre\/renovation-maison-cannes\/\">\r\n                <div class=\"picture\" style=\"background-image: url('https:\/\/www.shazadconstruction.com\/wp-content\/uploads\/2021\/01\/OK5.jpg');\">\r\n                  <div class=\"info\">\r\n                    <div class=\"title\">\r\n                      <h3>R\u00e9novation et extension maison Cannes<\/h3>\r\n                                              <div class=\"categories\">\r\n                                                      <span>Gros-oeuvre<\/span>\r\n                                                  <\/div>\r\n                                          <\/div>\r\n                    <div class=\"more\">\r\n                      <i class=\"fa fa-eye\" aria-hidden=\"true\"><\/i>\r\n                    <\/div>\r\n                  <\/div>\r\n                <\/div>\r\n              <\/a>\r\n            <\/div>\r\n          <\/div>\r\n                                      <div class=\"item\">\r\n            <div class=\"item-container\">\r\n              <a href=\"https:\/\/www.shazadconstruction.com\/fr\/portfolio\/gros-oeuvre\/renovation-immeuble-antibes\/\">\r\n                <div class=\"picture\" style=\"background-image: url('https:\/\/www.shazadconstruction.com\/wp-content\/uploads\/2021\/02\/OK.jpg');\">\r\n                  <div class=\"info\">\r\n                    <div class=\"title\">\r\n                      <h3>R\u00e9novation immeuble Antibes<\/h3>\r\n                                              <div class=\"categories\">\r\n                                                      <span>Gros-oeuvre<\/span>\r\n                                                  <\/div>\r\n                                          <\/div>\r\n                    <div class=\"more\">\r\n                      <i class=\"fa fa-eye\" aria-hidden=\"true\"><\/i>\r\n                    <\/div>\r\n                  <\/div>\r\n                <\/div>\r\n              <\/a>\r\n            <\/div>\r\n          <\/div>\r\n                        <\/div>\r\n\r\n              <div class=\"pagination\">\r\n                  <\/div>\r\n            <\/div>\r\n  <div class=\"empty-space empty-space-mobile\" style=\"height: 40px;\"><\/div>\n\n  <div class=\"empty-space empty-space-tablet\" style=\"height: 100px;\"><\/div>\n\n  <div class=\"empty-space empty-space-desktop\" style=\"height: 100px;\"><\/div>\n[\/vc_column][\/vc_row]<\/p>\n","protected":false},"excerpt":{"rendered":"<p>[vc_row][vc_column][\/vc_column][\/vc_row]<\/p>\n","protected":false},"author":2,"featured_media":178,"parent":0,"menu_order":0,"comment_status":"closed","ping_status":"closed","template":"","meta":{"footnotes":""},"class_list":["post-18","page","type-page","status-publish","has-post-thumbnail","hentry"],"yoast_head":"<!-- This site is optimized with the Yoast SEO plugin v27.5 - https:\/\/yoast.com\/product\/yoast-seo-wordpress\/ -->\n<title>Nos r\u00e9alisations sur la C\u00f4te d&#039;Azur - Shazad Construction<\/title>\n<meta name=\"description\" content=\"D\u00e9couvrez des projets de r\u00e9novation et de construction r\u00e9alis\u00e9s par Shazad Construction sur la C\u00f4te d&#039;Azur.\" \/>\n<meta name=\"robots\" content=\"index, follow, max-snippet:-1, max-image-preview:large, max-video-preview:-1\" \/>\n<link rel=\"canonical\" href=\"https:\/\/www.shazadconstruction.com\/fr\/projet-de-construction\/\" \/>\n<meta property=\"og:locale\" content=\"fr_FR\" \/>\n<meta property=\"og:type\" content=\"article\" \/>\n<meta property=\"og:title\" content=\"Nos r\u00e9alisations sur la C\u00f4te d&#039;Azur - Shazad Construction\" \/>\n<meta property=\"og:description\" content=\"D\u00e9couvrez des projets de r\u00e9novation et de construction r\u00e9alis\u00e9s par Shazad Construction sur la C\u00f4te d&#039;Azur.\" \/>\n<meta property=\"og:url\" content=\"https:\/\/www.shazadconstruction.com\/fr\/projet-de-construction\/\" \/>\n<meta property=\"og:site_name\" content=\"Shazad Construction\" \/>\n<meta property=\"article:modified_time\" content=\"2025-01-16T14:57:45+00:00\" \/>\n<meta property=\"og:image\" content=\"https:\/\/www.shazadconstruction.com\/wp-content\/uploads\/2021\/01\/header-shazad.jpg\" \/>\n\t<meta property=\"og:image:width\" content=\"1920\" \/>\n\t<meta property=\"og:image:height\" content=\"300\" \/>\n\t<meta property=\"og:image:type\" content=\"image\/jpeg\" \/>\n<meta name=\"twitter:card\" content=\"summary_large_image\" \/>\n<meta name=\"twitter:label1\" content=\"Dur\u00e9e de lecture estim\u00e9e\" \/>\n\t<meta name=\"twitter:data1\" content=\"1 minute\" \/>\n<script type=\"application\/ld+json\" class=\"yoast-schema-graph\">{\"@context\":\"https:\\\/\\\/schema.org\",\"@graph\":[{\"@type\":\"WebPage\",\"@id\":\"https:\\\/\\\/www.shazadconstruction.com\\\/fr\\\/projet-de-construction\\\/\",\"url\":\"https:\\\/\\\/www.shazadconstruction.com\\\/fr\\\/projet-de-construction\\\/\",\"name\":\"Nos r\u00e9alisations sur la C\u00f4te d'Azur - Shazad Construction\",\"isPartOf\":{\"@id\":\"https:\\\/\\\/www.shazadconstruction.com\\\/fr\\\/#website\"},\"primaryImageOfPage\":{\"@id\":\"https:\\\/\\\/www.shazadconstruction.com\\\/fr\\\/projet-de-construction\\\/#primaryimage\"},\"image\":{\"@id\":\"https:\\\/\\\/www.shazadconstruction.com\\\/fr\\\/projet-de-construction\\\/#primaryimage\"},\"thumbnailUrl\":\"https:\\\/\\\/www.shazadconstruction.com\\\/wp-content\\\/uploads\\\/2021\\\/01\\\/header-shazad.jpg\",\"datePublished\":\"2021-01-20T12:39:08+00:00\",\"dateModified\":\"2025-01-16T14:57:45+00:00\",\"description\":\"D\u00e9couvrez des projets de r\u00e9novation et de construction r\u00e9alis\u00e9s par Shazad Construction sur la C\u00f4te d'Azur.\",\"breadcrumb\":{\"@id\":\"https:\\\/\\\/www.shazadconstruction.com\\\/fr\\\/projet-de-construction\\\/#breadcrumb\"},\"inLanguage\":\"fr-FR\",\"potentialAction\":[{\"@type\":\"ReadAction\",\"target\":[\"https:\\\/\\\/www.shazadconstruction.com\\\/fr\\\/projet-de-construction\\\/\"]}]},{\"@type\":\"ImageObject\",\"inLanguage\":\"fr-FR\",\"@id\":\"https:\\\/\\\/www.shazadconstruction.com\\\/fr\\\/projet-de-construction\\\/#primaryimage\",\"url\":\"https:\\\/\\\/www.shazadconstruction.com\\\/wp-content\\\/uploads\\\/2021\\\/01\\\/header-shazad.jpg\",\"contentUrl\":\"https:\\\/\\\/www.shazadconstruction.com\\\/wp-content\\\/uploads\\\/2021\\\/01\\\/header-shazad.jpg\",\"width\":1920,\"height\":300,\"caption\":\"header-shazad\"},{\"@type\":\"BreadcrumbList\",\"@id\":\"https:\\\/\\\/www.shazadconstruction.com\\\/fr\\\/projet-de-construction\\\/#breadcrumb\",\"itemListElement\":[{\"@type\":\"ListItem\",\"position\":1,\"name\":\"Accueil\",\"item\":\"https:\\\/\\\/www.shazadconstruction.com\\\/fr\\\/\"},{\"@type\":\"ListItem\",\"position\":2,\"name\":\"Nos projets\",\"item\":\"https:\\\/\\\/www.shazadconstruction.com\\\/fr\\\/projet-de-construction\\\/\"},{\"@type\":\"ListItem\",\"position\":3,\"name\":\"Gros-oeuvre\",\"item\":\"https:\\\/\\\/www.shazadconstruction.com\\\/fr\\\/portfolio\\\/gros-oeuvre\\\/\"},{\"@type\":\"ListItem\",\"position\":4,\"name\":\"Nos projets\"}]},{\"@type\":\"WebSite\",\"@id\":\"https:\\\/\\\/www.shazadconstruction.com\\\/fr\\\/#website\",\"url\":\"https:\\\/\\\/www.shazadconstruction.com\\\/fr\\\/\",\"name\":\"Shazad Construction\",\"description\":\"\",\"potentialAction\":[{\"@type\":\"SearchAction\",\"target\":{\"@type\":\"EntryPoint\",\"urlTemplate\":\"https:\\\/\\\/www.shazadconstruction.com\\\/fr\\\/?s={search_term_string}\"},\"query-input\":{\"@type\":\"PropertyValueSpecification\",\"valueRequired\":true,\"valueName\":\"search_term_string\"}}],\"inLanguage\":\"fr-FR\"}]}<\/script>\n<!-- \/ Yoast SEO plugin. -->","yoast_head_json":{"title":"Nos r\u00e9alisations sur la C\u00f4te d'Azur - Shazad Construction","description":"D\u00e9couvrez des projets de r\u00e9novation et de construction r\u00e9alis\u00e9s par Shazad Construction sur la C\u00f4te d'Azur.","robots":{"index":"index","follow":"follow","max-snippet":"max-snippet:-1","max-image-preview":"max-image-preview:large","max-video-preview":"max-video-preview:-1"},"canonical":"https:\/\/www.shazadconstruction.com\/fr\/projet-de-construction\/","og_locale":"fr_FR","og_type":"article","og_title":"Nos r\u00e9alisations sur la C\u00f4te d'Azur - Shazad Construction","og_description":"D\u00e9couvrez des projets de r\u00e9novation et de construction r\u00e9alis\u00e9s par Shazad Construction sur la C\u00f4te d'Azur.","og_url":"https:\/\/www.shazadconstruction.com\/fr\/projet-de-construction\/","og_site_name":"Shazad Construction","article_modified_time":"2025-01-16T14:57:45+00:00","og_image":[{"width":1920,"height":300,"url":"https:\/\/www.shazadconstruction.com\/wp-content\/uploads\/2021\/01\/header-shazad.jpg","type":"image\/jpeg"}],"twitter_card":"summary_large_image","twitter_misc":{"Dur\u00e9e de lecture estim\u00e9e":"1 minute"},"schema":{"@context":"https:\/\/schema.org","@graph":[{"@type":"WebPage","@id":"https:\/\/www.shazadconstruction.com\/fr\/projet-de-construction\/","url":"https:\/\/www.shazadconstruction.com\/fr\/projet-de-construction\/","name":"Nos r\u00e9alisations sur la C\u00f4te d'Azur - Shazad Construction","isPartOf":{"@id":"https:\/\/www.shazadconstruction.com\/fr\/#website"},"primaryImageOfPage":{"@id":"https:\/\/www.shazadconstruction.com\/fr\/projet-de-construction\/#primaryimage"},"image":{"@id":"https:\/\/www.shazadconstruction.com\/fr\/projet-de-construction\/#primaryimage"},"thumbnailUrl":"https:\/\/www.shazadconstruction.com\/wp-content\/uploads\/2021\/01\/header-shazad.jpg","datePublished":"2021-01-20T12:39:08+00:00","dateModified":"2025-01-16T14:57:45+00:00","description":"D\u00e9couvrez des projets de r\u00e9novation et de construction r\u00e9alis\u00e9s par Shazad Construction sur la C\u00f4te d'Azur.","breadcrumb":{"@id":"https:\/\/www.shazadconstruction.com\/fr\/projet-de-construction\/#breadcrumb"},"inLanguage":"fr-FR","potentialAction":[{"@type":"ReadAction","target":["https:\/\/www.shazadconstruction.com\/fr\/projet-de-construction\/"]}]},{"@type":"ImageObject","inLanguage":"fr-FR","@id":"https:\/\/www.shazadconstruction.com\/fr\/projet-de-construction\/#primaryimage","url":"https:\/\/www.shazadconstruction.com\/wp-content\/uploads\/2021\/01\/header-shazad.jpg","contentUrl":"https:\/\/www.shazadconstruction.com\/wp-content\/uploads\/2021\/01\/header-shazad.jpg","width":1920,"height":300,"caption":"header-shazad"},{"@type":"BreadcrumbList","@id":"https:\/\/www.shazadconstruction.com\/fr\/projet-de-construction\/#breadcrumb","itemListElement":[{"@type":"ListItem","position":1,"name":"Accueil","item":"https:\/\/www.shazadconstruction.com\/fr\/"},{"@type":"ListItem","position":2,"name":"Nos projets","item":"https:\/\/www.shazadconstruction.com\/fr\/projet-de-construction\/"},{"@type":"ListItem","position":3,"name":"Gros-oeuvre","item":"https:\/\/www.shazadconstruction.com\/fr\/portfolio\/gros-oeuvre\/"},{"@type":"ListItem","position":4,"name":"Nos projets"}]},{"@type":"WebSite","@id":"https:\/\/www.shazadconstruction.com\/fr\/#website","url":"https:\/\/www.shazadconstruction.com\/fr\/","name":"Shazad Construction","description":"","potentialAction":[{"@type":"SearchAction","target":{"@type":"EntryPoint","urlTemplate":"https:\/\/www.shazadconstruction.com\/fr\/?s={search_term_string}"},"query-input":{"@type":"PropertyValueSpecification","valueRequired":true,"valueName":"search_term_string"}}],"inLanguage":"fr-FR"}]}},"_links":{"self":[{"href":"https:\/\/www.shazadconstruction.com\/fr\/wp-json\/wp\/v2\/pages\/18","targetHints":{"allow":["GET"]}}],"collection":[{"href":"https:\/\/www.shazadconstruction.com\/fr\/wp-json\/wp\/v2\/pages"}],"about":[{"href":"https:\/\/www.shazadconstruction.com\/fr\/wp-json\/wp\/v2\/types\/page"}],"author":[{"embeddable":true,"href":"https:\/\/www.shazadconstruction.com\/fr\/wp-json\/wp\/v2\/users\/2"}],"replies":[{"embeddable":true,"href":"https:\/\/www.shazadconstruction.com\/fr\/wp-json\/wp\/v2\/comments?post=18"}],"version-history":[{"count":0,"href":"https:\/\/www.shazadconstruction.com\/fr\/wp-json\/wp\/v2\/pages\/18\/revisions"}],"wp:featuredmedia":[{"embeddable":true,"href":"https:\/\/www.shazadconstruction.com\/fr\/wp-json\/wp\/v2\/media\/178"}],"wp:attachment":[{"href":"https:\/\/www.shazadconstruction.com\/fr\/wp-json\/wp\/v2\/media?parent=18"}],"curies":[{"name":"wp","href":"https:\/\/api.w.org\/{rel}","templated":true}]}}