{"id":20,"date":"2021-01-20T13:39:45","date_gmt":"2021-01-20T12:39:45","guid":{"rendered":"https:\/\/www.shazadconstruction.com\/?page_id=20"},"modified":"2026-02-09T11:49:24","modified_gmt":"2026-02-09T10:49:24","slug":"actualites-construction","status":"publish","type":"page","link":"https:\/\/www.shazadconstruction.com\/fr\/actualites-construction\/","title":{"rendered":"Actualit\u00e9s"},"content":{"rendered":"<p>[vc_row][vc_column width=\u00a0\u00bb2\/3&Prime;]  <div class=\"wpbakery-articles wpbakery-articles-layout14\">\n                <div class=\"article\">\n        <a href=\"https:\/\/www.shazadconstruction.com\/fr\/actualites\/construction-de-piscines-de-luxe-cote-dazur-pas-trop-tard-pour-lete\/\" title=\"Construction de Piscines de Luxe sur la C\u00f4te d\u2019Azur : Il n\u2019est pas trop tard pour l\u2019\u00e9t\u00e9\">\n          <div class=\"picture\">\n            <img fetchpriority=\"high\" decoding=\"async\" width=\"640\" height=\"449\" src=\"https:\/\/www.shazadconstruction.com\/wp-content\/uploads\/2026\/03\/Construction-piscine-gros-oeuvre-Cannes-e1774006710950-1024x718.jpg\" class=\"attachment-large size-large wp-post-image\" alt=\"Travaux de construction piscine dans une r\u00e9sidence \u00e0 Cannes, C\u00f4te d&#039;Azur.\" srcset=\"https:\/\/www.shazadconstruction.com\/wp-content\/uploads\/2026\/03\/Construction-piscine-gros-oeuvre-Cannes-e1774006710950-1024x718.jpg 1024w, https:\/\/www.shazadconstruction.com\/wp-content\/uploads\/2026\/03\/Construction-piscine-gros-oeuvre-Cannes-e1774006710950-300x210.jpg 300w, https:\/\/www.shazadconstruction.com\/wp-content\/uploads\/2026\/03\/Construction-piscine-gros-oeuvre-Cannes-e1774006710950-768x538.jpg 768w, https:\/\/www.shazadconstruction.com\/wp-content\/uploads\/2026\/03\/Construction-piscine-gros-oeuvre-Cannes-e1774006710950-1536x1077.jpg 1536w, https:\/\/www.shazadconstruction.com\/wp-content\/uploads\/2026\/03\/Construction-piscine-gros-oeuvre-Cannes-e1774006710950-1200x841.jpg 1200w, https:\/\/www.shazadconstruction.com\/wp-content\/uploads\/2026\/03\/Construction-piscine-gros-oeuvre-Cannes-e1774006710950.jpg 1629w\" sizes=\"(max-width: 640px) 100vw, 640px\" \/>          <\/div>\n        <\/a>\n        <div class=\"content\">\n          <div class=\"article-header\">\n            <div class=\"article-logo\">\n              <i class=\"fa fa-image\"><\/i>\n            <\/div>\n\n            <div class=\"article-info\">\n              <h3><a class=\"title\" href=\"https:\/\/www.shazadconstruction.com\/fr\/actualites\/construction-de-piscines-de-luxe-cote-dazur-pas-trop-tard-pour-lete\/\"\n                     title=\"Construction de Piscines de Luxe sur la C\u00f4te d\u2019Azur : Il n\u2019est pas trop tard pour l\u2019\u00e9t\u00e9\">Construction de Piscines de Luxe sur la C\u00f4te d\u2019Azur : Il n\u2019est pas trop tard pour l\u2019\u00e9t\u00e9<\/a><\/h3>\n              <div>\n                <ul>\n                  <li><a href=\"https:\/\/www.shazadconstruction.com\/fr\/actualites\/construction-de-piscines-de-luxe-cote-dazur-pas-trop-tard-pour-lete\/\"><i\n                        class=\"fa fa-calendar\"><\/i> 20 mars 2026<\/a><\/li>\n                  <li><i class=\"fa fa-folder-open\"><\/i> <a href=\"https:\/\/www.shazadconstruction.com\/fr\/category\/actualites\/\">actualit\u00e9s<\/a><\/li>                                  <\/ul>\n              <\/div>\n            <\/div>\n          <\/div>\n          <div class=\"excerpt\"><p>[vc_row][vc_column][vc_column_text]Pour les propri\u00e9taires de villas sur la C\u00f4te d\u2019Azur, une piscine n\u2019est pas un simple luxe suppl\u00e9mentaire \u2014 c\u2019est un \u00e9l\u00e9ment architectural essentiel. Si vous envisagez de construire une piscine sur-mesure pour votre propri\u00e9t\u00e9, bonne nouvelle : il n\u2019est pas trop tard pour finaliser votre projet avant l\u2019\u00e9t\u00e9, \u00e0 condition de commencer la planification d\u00e8s [&hellip;]<\/p>\n<\/div>\n          <a class=\"button\" href=\"https:\/\/www.shazadconstruction.com\/fr\/actualites\/construction-de-piscines-de-luxe-cote-dazur-pas-trop-tard-pour-lete\/\" title=\"Construction de Piscines de Luxe sur la C\u00f4te d\u2019Azur : Il n\u2019est pas trop tard pour l\u2019\u00e9t\u00e9\">\n            Lire la suite          <\/a>\n        <\/div>\n      <\/div>\n                      <div class=\"article\">\n        <a href=\"https:\/\/www.shazadconstruction.com\/fr\/actualites\/la-climatisation-de-votre-maison-de-luxe\/\" title=\"Avez-vous pens\u00e9 \u00e0 la climatisation de votre maison de luxe ?\">\n          <div class=\"picture\">\n            <img decoding=\"async\" width=\"640\" height=\"481\" src=\"https:\/\/www.shazadconstruction.com\/wp-content\/uploads\/2026\/03\/P1090171_1.jpg\" class=\"attachment-large size-large wp-post-image\" alt=\"Integrated ceiling wall conditiong slats\" srcset=\"https:\/\/www.shazadconstruction.com\/wp-content\/uploads\/2026\/03\/P1090171_1.jpg 1024w, https:\/\/www.shazadconstruction.com\/wp-content\/uploads\/2026\/03\/P1090171_1-300x225.jpg 300w, https:\/\/www.shazadconstruction.com\/wp-content\/uploads\/2026\/03\/P1090171_1-768x577.jpg 768w\" sizes=\"(max-width: 640px) 100vw, 640px\" \/>          <\/div>\n        <\/a>\n        <div class=\"content\">\n          <div class=\"article-header\">\n            <div class=\"article-logo\">\n              <i class=\"fa fa-image\"><\/i>\n            <\/div>\n\n            <div class=\"article-info\">\n              <h3><a class=\"title\" href=\"https:\/\/www.shazadconstruction.com\/fr\/actualites\/la-climatisation-de-votre-maison-de-luxe\/\"\n                     title=\"Avez-vous pens\u00e9 \u00e0 la climatisation de votre maison de luxe ?\">Avez-vous pens\u00e9 \u00e0 la climatisation de votre maison de luxe ?<\/a><\/h3>\n              <div>\n                <ul>\n                  <li><a href=\"https:\/\/www.shazadconstruction.com\/fr\/actualites\/la-climatisation-de-votre-maison-de-luxe\/\"><i\n                        class=\"fa fa-calendar\"><\/i> 7 mars 2026<\/a><\/li>\n                  <li><i class=\"fa fa-folder-open\"><\/i> <a href=\"https:\/\/www.shazadconstruction.com\/fr\/category\/actualites\/\">actualit\u00e9s<\/a><\/li>                                  <\/ul>\n              <\/div>\n            <\/div>\n          <\/div>\n          <div class=\"excerpt\"><p>[vc_row][vc_column][vc_column_text] Climatisation haut de gamme pour villas et r\u00e9sidences sur la C\u00f4te d\u2019Azur La climatisation n\u2019est plus un simple luxe optionnel : elle est devenue un \u00e9l\u00e9ment cl\u00e9 du confort, de l\u2019efficacit\u00e9 \u00e9nerg\u00e9tique et de la valorisation immobili\u00e8re. Voici tout ce que les propri\u00e9taires et investisseurs doivent savoir avant d\u2019installer une climatisation dans une propri\u00e9t\u00e9 [&hellip;]<\/p>\n<\/div>\n          <a class=\"button\" href=\"https:\/\/www.shazadconstruction.com\/fr\/actualites\/la-climatisation-de-votre-maison-de-luxe\/\" title=\"Avez-vous pens\u00e9 \u00e0 la climatisation de votre maison de luxe ?\">\n            Lire la suite          <\/a>\n        <\/div>\n      <\/div>\n                      <div class=\"article\">\n        <a href=\"https:\/\/www.shazadconstruction.com\/fr\/actualites\/shazad-construction-se-lance-dans-la-promotion-immobiliere-de-luxe-sur-la-cote-dazur\/\" title=\"Shazad Construction se lance dans la promotion immobili\u00e8re de luxe sur la C\u00f4te d&rsquo;Azur\">\n          <div class=\"picture\">\n            <img decoding=\"async\" width=\"640\" height=\"360\" src=\"https:\/\/www.shazadconstruction.com\/wp-content\/uploads\/2025\/12\/constructeur-maison-promotion-immobiliere-cote-dazur-Shazad-Construction-1024x576.jpg\" class=\"attachment-large size-large wp-post-image\" alt=\"Construction d&#039;une villa de luxe en b\u00e9ton et promotion immobili\u00e8re \u00e0 P\u00e9gomas, C\u00f4te d&#039;Azur.\" srcset=\"https:\/\/www.shazadconstruction.com\/wp-content\/uploads\/2025\/12\/constructeur-maison-promotion-immobiliere-cote-dazur-Shazad-Construction-1024x576.jpg 1024w, https:\/\/www.shazadconstruction.com\/wp-content\/uploads\/2025\/12\/constructeur-maison-promotion-immobiliere-cote-dazur-Shazad-Construction-300x169.jpg 300w, https:\/\/www.shazadconstruction.com\/wp-content\/uploads\/2025\/12\/constructeur-maison-promotion-immobiliere-cote-dazur-Shazad-Construction-768x432.jpg 768w, https:\/\/www.shazadconstruction.com\/wp-content\/uploads\/2025\/12\/constructeur-maison-promotion-immobiliere-cote-dazur-Shazad-Construction-1536x864.jpg 1536w, https:\/\/www.shazadconstruction.com\/wp-content\/uploads\/2025\/12\/constructeur-maison-promotion-immobiliere-cote-dazur-Shazad-Construction-1200x675.jpg 1200w, https:\/\/www.shazadconstruction.com\/wp-content\/uploads\/2025\/12\/constructeur-maison-promotion-immobiliere-cote-dazur-Shazad-Construction-1920x1080.jpg 1920w, https:\/\/www.shazadconstruction.com\/wp-content\/uploads\/2025\/12\/constructeur-maison-promotion-immobiliere-cote-dazur-Shazad-Construction.jpg 2040w\" sizes=\"(max-width: 640px) 100vw, 640px\" \/>          <\/div>\n        <\/a>\n        <div class=\"content\">\n          <div class=\"article-header\">\n            <div class=\"article-logo\">\n              <i class=\"fa fa-image\"><\/i>\n            <\/div>\n\n            <div class=\"article-info\">\n              <h3><a class=\"title\" href=\"https:\/\/www.shazadconstruction.com\/fr\/actualites\/shazad-construction-se-lance-dans-la-promotion-immobiliere-de-luxe-sur-la-cote-dazur\/\"\n                     title=\"Shazad Construction se lance dans la promotion immobili\u00e8re de luxe sur la C\u00f4te d&rsquo;Azur\">Shazad Construction se lance dans la promotion immobili\u00e8re de luxe sur la C\u00f4te d&rsquo;Azur<\/a><\/h3>\n              <div>\n                <ul>\n                  <li><a href=\"https:\/\/www.shazadconstruction.com\/fr\/actualites\/shazad-construction-se-lance-dans-la-promotion-immobiliere-de-luxe-sur-la-cote-dazur\/\"><i\n                        class=\"fa fa-calendar\"><\/i> 11 d\u00e9cembre 2025<\/a><\/li>\n                  <li><i class=\"fa fa-folder-open\"><\/i> <a href=\"https:\/\/www.shazadconstruction.com\/fr\/category\/actualites\/\">actualit\u00e9s<\/a><\/li>                                  <\/ul>\n              <\/div>\n            <\/div>\n          <\/div>\n          <div class=\"excerpt\"><p>[vc_row][vc_column][vc_column_text] Shazad Construction d\u00e9voile son premier projet immobilier de luxe \u00e0 P\u00e9gomas Shazad Construction, entreprise g\u00e9n\u00e9rale reconnue pour son expertise en construction et r\u00e9novation haut de gamme sur la C\u00f4te d\u2019Azur, entre dans une nouvelle \u00e8re. La soci\u00e9t\u00e9 se diversifie d\u00e9sormais dans la promotion immobili\u00e8re de luxe, avec un premier projet d\u2019exception \u00e0 P\u00e9gomas, pas [&hellip;]<\/p>\n<\/div>\n          <a class=\"button\" href=\"https:\/\/www.shazadconstruction.com\/fr\/actualites\/shazad-construction-se-lance-dans-la-promotion-immobiliere-de-luxe-sur-la-cote-dazur\/\" title=\"Shazad Construction se lance dans la promotion immobili\u00e8re de luxe sur la C\u00f4te d&rsquo;Azur\">\n            Lire la suite          <\/a>\n        <\/div>\n      <\/div>\n            <\/div>\n\n      <div class=\"pagination\">\n      <span aria-current=\"page\" class=\"page-numbers current\">1<\/span>\n<a class=\"page-numbers\" href=\"https:\/\/www.shazadconstruction.com\/fr\/wp-json\/wp\/v2\/pages\/20\/page\/2\/\">2<\/a>\n<a class=\"page-numbers\" href=\"https:\/\/www.shazadconstruction.com\/fr\/wp-json\/wp\/v2\/pages\/20\/page\/3\/\">3<\/a>\n<a class=\"page-numbers\" href=\"https:\/\/www.shazadconstruction.com\/fr\/wp-json\/wp\/v2\/pages\/20\/page\/4\/\">4<\/a>    <\/div>\n  [\/vc_column][vc_column width=\u00a0\u00bb1\/3&Prime;][vc_row][vc_column]<h2  class=\"cc-title-secondary cc-title-secondary-left \"\r\nstyle=\"\">\r\n  <span>Articles r\u00e9cents<\/span>\r\n<\/h2>  <div class=\"wpbakery-articles wpbakery-articles-layout15\">\r\n          \r\n      <div class=\"article\">\r\n        <a class=\"picture\" href=\"https:\/\/www.shazadconstruction.com\/fr\/actualites\/construction-de-piscines-de-luxe-cote-dazur-pas-trop-tard-pour-lete\/\" title=\"Construction de Piscines de Luxe sur la C\u00f4te d\u2019Azur : Il n\u2019est pas trop tard pour l\u2019\u00e9t\u00e9\">\r\n          <img loading=\"lazy\" decoding=\"async\" width=\"150\" height=\"150\" src=\"https:\/\/www.shazadconstruction.com\/wp-content\/uploads\/2026\/03\/Construction-piscine-gros-oeuvre-Cannes-e1774006710950-150x150.jpg\" class=\"attachment-thumbnail size-thumbnail wp-post-image\" alt=\"Travaux de construction piscine dans une r\u00e9sidence \u00e0 Cannes, C\u00f4te d&#039;Azur.\" \/>        <\/a>\r\n        <div class=\"content\">\r\n          <div class=\"article-info\">\r\n            <div class=\"date\">20 mars 2026<\/div>\r\n            <a class=\"title\" href=\"https:\/\/www.shazadconstruction.com\/fr\/actualites\/construction-de-piscines-de-luxe-cote-dazur-pas-trop-tard-pour-lete\/\" title=\"Construction de Piscines de Luxe sur la C\u00f4te d\u2019Azur : Il n\u2019est pas trop tard pour l\u2019\u00e9t\u00e9\">Construction de Piscines de Luxe sur la C\u00f4te d\u2019Azur : Il n\u2019est pas trop tard pour l\u2019\u00e9t\u00e9<\/a>\r\n          <\/div>\r\n        <\/div>\r\n      <\/div>\r\n\r\n                \r\n      <div class=\"article\">\r\n        <a class=\"picture\" href=\"https:\/\/www.shazadconstruction.com\/fr\/actualites\/la-climatisation-de-votre-maison-de-luxe\/\" title=\"Avez-vous pens\u00e9 \u00e0 la climatisation de votre maison de luxe ?\">\r\n          <img loading=\"lazy\" decoding=\"async\" width=\"150\" height=\"150\" src=\"https:\/\/www.shazadconstruction.com\/wp-content\/uploads\/2026\/03\/P1090171_1-150x150.jpg\" class=\"attachment-thumbnail size-thumbnail wp-post-image\" alt=\"Integrated ceiling wall conditiong slats\" \/>        <\/a>\r\n        <div class=\"content\">\r\n          <div class=\"article-info\">\r\n            <div class=\"date\">7 mars 2026<\/div>\r\n            <a class=\"title\" href=\"https:\/\/www.shazadconstruction.com\/fr\/actualites\/la-climatisation-de-votre-maison-de-luxe\/\" title=\"Avez-vous pens\u00e9 \u00e0 la climatisation de votre maison de luxe ?\">Avez-vous pens\u00e9 \u00e0 la climatisation de votre maison de luxe ?<\/a>\r\n          <\/div>\r\n        <\/div>\r\n      <\/div>\r\n\r\n                \r\n      <div class=\"article\">\r\n        <a class=\"picture\" href=\"https:\/\/www.shazadconstruction.com\/fr\/actualites\/shazad-construction-se-lance-dans-la-promotion-immobiliere-de-luxe-sur-la-cote-dazur\/\" title=\"Shazad Construction se lance dans la promotion immobili\u00e8re de luxe sur la C\u00f4te d&rsquo;Azur\">\r\n          <img loading=\"lazy\" decoding=\"async\" width=\"150\" height=\"150\" src=\"https:\/\/www.shazadconstruction.com\/wp-content\/uploads\/2025\/12\/constructeur-maison-promotion-immobiliere-cote-dazur-Shazad-Construction-150x150.jpg\" class=\"attachment-thumbnail size-thumbnail wp-post-image\" alt=\"Construction d&#039;une villa de luxe en b\u00e9ton et promotion immobili\u00e8re \u00e0 P\u00e9gomas, C\u00f4te d&#039;Azur.\" \/>        <\/a>\r\n        <div class=\"content\">\r\n          <div class=\"article-info\">\r\n            <div class=\"date\">11 d\u00e9cembre 2025<\/div>\r\n            <a class=\"title\" href=\"https:\/\/www.shazadconstruction.com\/fr\/actualites\/shazad-construction-se-lance-dans-la-promotion-immobiliere-de-luxe-sur-la-cote-dazur\/\" title=\"Shazad Construction se lance dans la promotion immobili\u00e8re de luxe sur la C\u00f4te d&rsquo;Azur\">Shazad Construction se lance dans la promotion immobili\u00e8re de luxe sur la C\u00f4te d&rsquo;Azur<\/a>\r\n          <\/div>\r\n        <\/div>\r\n      <\/div>\r\n\r\n            <\/div>\r\n[\/vc_column][\/vc_row]<style type=\"text\/css\" data-type=\"vc_shortcodes-custom-css\"><\/style>[\/vc_column][\/vc_row]<\/p>\n","protected":false},"excerpt":{"rendered":"<p>[vc_row][vc_column width=\u00a0\u00bb2\/3&Prime;][\/vc_column][vc_column width=\u00a0\u00bb1\/3&Prime;][\/vc_column][\/vc_row]<\/p>\n","protected":false},"author":2,"featured_media":178,"parent":0,"menu_order":0,"comment_status":"closed","ping_status":"closed","template":"","meta":{"footnotes":""},"class_list":["post-20","page","type-page","status-publish","has-post-thumbnail","hentry"],"yoast_head":"<!-- This site is optimized with the Yoast SEO plugin v27.5 - https:\/\/yoast.com\/product\/yoast-seo-wordpress\/ -->\n<title>Actualit\u00e9s construction - Articles &amp; Conseils - Shazad Construction<\/title>\n<meta name=\"description\" content=\"Actualit\u00e9s et conseils en construction de luxe par Shazad Construction. Villas et r\u00e9novations haut de gamme sur toute la C\u00f4te d&#039;Azur.\" \/>\n<meta name=\"robots\" content=\"index, follow, max-snippet:-1, max-image-preview:large, max-video-preview:-1\" \/>\n<link rel=\"canonical\" href=\"https:\/\/www.shazadconstruction.com\/fr\/actualites-construction\/\" \/>\n<meta property=\"og:locale\" content=\"fr_FR\" \/>\n<meta property=\"og:type\" content=\"article\" \/>\n<meta property=\"og:title\" content=\"Actualit\u00e9s construction - Articles &amp; Conseils - Shazad Construction\" \/>\n<meta property=\"og:description\" content=\"Actualit\u00e9s et conseils en construction de luxe par Shazad Construction. Villas et r\u00e9novations haut de gamme sur toute la C\u00f4te d&#039;Azur.\" \/>\n<meta property=\"og:url\" content=\"https:\/\/www.shazadconstruction.com\/fr\/actualites-construction\/\" \/>\n<meta property=\"og:site_name\" content=\"Shazad Construction\" \/>\n<meta property=\"article:modified_time\" content=\"2026-02-09T10:49:24+00:00\" \/>\n<meta property=\"og:image\" content=\"https:\/\/www.shazadconstruction.com\/wp-content\/uploads\/2021\/01\/header-shazad.jpg\" \/>\n\t<meta property=\"og:image:width\" content=\"1920\" \/>\n\t<meta property=\"og:image:height\" content=\"300\" \/>\n\t<meta property=\"og:image:type\" content=\"image\/jpeg\" \/>\n<meta name=\"twitter:card\" content=\"summary_large_image\" \/>\n<meta name=\"twitter:label1\" content=\"Dur\u00e9e de lecture estim\u00e9e\" \/>\n\t<meta name=\"twitter:data1\" content=\"1 minute\" \/>\n<script type=\"application\/ld+json\" class=\"yoast-schema-graph\">{\"@context\":\"https:\\\/\\\/schema.org\",\"@graph\":[{\"@type\":\"WebPage\",\"@id\":\"https:\\\/\\\/www.shazadconstruction.com\\\/fr\\\/actualites-construction\\\/\",\"url\":\"https:\\\/\\\/www.shazadconstruction.com\\\/fr\\\/actualites-construction\\\/\",\"name\":\"Actualit\u00e9s construction - Articles & Conseils - Shazad Construction\",\"isPartOf\":{\"@id\":\"https:\\\/\\\/www.shazadconstruction.com\\\/fr\\\/#website\"},\"primaryImageOfPage\":{\"@id\":\"https:\\\/\\\/www.shazadconstruction.com\\\/fr\\\/actualites-construction\\\/#primaryimage\"},\"image\":{\"@id\":\"https:\\\/\\\/www.shazadconstruction.com\\\/fr\\\/actualites-construction\\\/#primaryimage\"},\"thumbnailUrl\":\"https:\\\/\\\/www.shazadconstruction.com\\\/wp-content\\\/uploads\\\/2021\\\/01\\\/header-shazad.jpg\",\"datePublished\":\"2021-01-20T12:39:45+00:00\",\"dateModified\":\"2026-02-09T10:49:24+00:00\",\"description\":\"Actualit\u00e9s et conseils en construction de luxe par Shazad Construction. Villas et r\u00e9novations haut de gamme sur toute la C\u00f4te d'Azur.\",\"breadcrumb\":{\"@id\":\"https:\\\/\\\/www.shazadconstruction.com\\\/fr\\\/actualites-construction\\\/#breadcrumb\"},\"inLanguage\":\"fr-FR\",\"potentialAction\":[{\"@type\":\"ReadAction\",\"target\":[\"https:\\\/\\\/www.shazadconstruction.com\\\/fr\\\/actualites-construction\\\/\"]}]},{\"@type\":\"ImageObject\",\"inLanguage\":\"fr-FR\",\"@id\":\"https:\\\/\\\/www.shazadconstruction.com\\\/fr\\\/actualites-construction\\\/#primaryimage\",\"url\":\"https:\\\/\\\/www.shazadconstruction.com\\\/wp-content\\\/uploads\\\/2021\\\/01\\\/header-shazad.jpg\",\"contentUrl\":\"https:\\\/\\\/www.shazadconstruction.com\\\/wp-content\\\/uploads\\\/2021\\\/01\\\/header-shazad.jpg\",\"width\":1920,\"height\":300,\"caption\":\"header-shazad\"},{\"@type\":\"BreadcrumbList\",\"@id\":\"https:\\\/\\\/www.shazadconstruction.com\\\/fr\\\/actualites-construction\\\/#breadcrumb\",\"itemListElement\":[{\"@type\":\"ListItem\",\"position\":1,\"name\":\"Accueil\",\"item\":\"https:\\\/\\\/www.shazadconstruction.com\\\/fr\\\/\"},{\"@type\":\"ListItem\",\"position\":2,\"name\":\"Actualit\u00e9s\"}]},{\"@type\":\"WebSite\",\"@id\":\"https:\\\/\\\/www.shazadconstruction.com\\\/fr\\\/#website\",\"url\":\"https:\\\/\\\/www.shazadconstruction.com\\\/fr\\\/\",\"name\":\"Shazad Construction\",\"description\":\"\",\"potentialAction\":[{\"@type\":\"SearchAction\",\"target\":{\"@type\":\"EntryPoint\",\"urlTemplate\":\"https:\\\/\\\/www.shazadconstruction.com\\\/fr\\\/?s={search_term_string}\"},\"query-input\":{\"@type\":\"PropertyValueSpecification\",\"valueRequired\":true,\"valueName\":\"search_term_string\"}}],\"inLanguage\":\"fr-FR\"}]}<\/script>\n<!-- \/ Yoast SEO plugin. -->","yoast_head_json":{"title":"Actualit\u00e9s construction - Articles & Conseils - Shazad Construction","description":"Actualit\u00e9s et conseils en construction de luxe par Shazad Construction. Villas et r\u00e9novations haut de gamme sur toute la C\u00f4te d'Azur.","robots":{"index":"index","follow":"follow","max-snippet":"max-snippet:-1","max-image-preview":"max-image-preview:large","max-video-preview":"max-video-preview:-1"},"canonical":"https:\/\/www.shazadconstruction.com\/fr\/actualites-construction\/","og_locale":"fr_FR","og_type":"article","og_title":"Actualit\u00e9s construction - Articles & Conseils - Shazad Construction","og_description":"Actualit\u00e9s et conseils en construction de luxe par Shazad Construction. Villas et r\u00e9novations haut de gamme sur toute la C\u00f4te d'Azur.","og_url":"https:\/\/www.shazadconstruction.com\/fr\/actualites-construction\/","og_site_name":"Shazad Construction","article_modified_time":"2026-02-09T10:49:24+00:00","og_image":[{"width":1920,"height":300,"url":"https:\/\/www.shazadconstruction.com\/wp-content\/uploads\/2021\/01\/header-shazad.jpg","type":"image\/jpeg"}],"twitter_card":"summary_large_image","twitter_misc":{"Dur\u00e9e de lecture estim\u00e9e":"1 minute"},"schema":{"@context":"https:\/\/schema.org","@graph":[{"@type":"WebPage","@id":"https:\/\/www.shazadconstruction.com\/fr\/actualites-construction\/","url":"https:\/\/www.shazadconstruction.com\/fr\/actualites-construction\/","name":"Actualit\u00e9s construction - Articles & Conseils - Shazad Construction","isPartOf":{"@id":"https:\/\/www.shazadconstruction.com\/fr\/#website"},"primaryImageOfPage":{"@id":"https:\/\/www.shazadconstruction.com\/fr\/actualites-construction\/#primaryimage"},"image":{"@id":"https:\/\/www.shazadconstruction.com\/fr\/actualites-construction\/#primaryimage"},"thumbnailUrl":"https:\/\/www.shazadconstruction.com\/wp-content\/uploads\/2021\/01\/header-shazad.jpg","datePublished":"2021-01-20T12:39:45+00:00","dateModified":"2026-02-09T10:49:24+00:00","description":"Actualit\u00e9s et conseils en construction de luxe par Shazad Construction. Villas et r\u00e9novations haut de gamme sur toute la C\u00f4te d'Azur.","breadcrumb":{"@id":"https:\/\/www.shazadconstruction.com\/fr\/actualites-construction\/#breadcrumb"},"inLanguage":"fr-FR","potentialAction":[{"@type":"ReadAction","target":["https:\/\/www.shazadconstruction.com\/fr\/actualites-construction\/"]}]},{"@type":"ImageObject","inLanguage":"fr-FR","@id":"https:\/\/www.shazadconstruction.com\/fr\/actualites-construction\/#primaryimage","url":"https:\/\/www.shazadconstruction.com\/wp-content\/uploads\/2021\/01\/header-shazad.jpg","contentUrl":"https:\/\/www.shazadconstruction.com\/wp-content\/uploads\/2021\/01\/header-shazad.jpg","width":1920,"height":300,"caption":"header-shazad"},{"@type":"BreadcrumbList","@id":"https:\/\/www.shazadconstruction.com\/fr\/actualites-construction\/#breadcrumb","itemListElement":[{"@type":"ListItem","position":1,"name":"Accueil","item":"https:\/\/www.shazadconstruction.com\/fr\/"},{"@type":"ListItem","position":2,"name":"Actualit\u00e9s"}]},{"@type":"WebSite","@id":"https:\/\/www.shazadconstruction.com\/fr\/#website","url":"https:\/\/www.shazadconstruction.com\/fr\/","name":"Shazad Construction","description":"","potentialAction":[{"@type":"SearchAction","target":{"@type":"EntryPoint","urlTemplate":"https:\/\/www.shazadconstruction.com\/fr\/?s={search_term_string}"},"query-input":{"@type":"PropertyValueSpecification","valueRequired":true,"valueName":"search_term_string"}}],"inLanguage":"fr-FR"}]}},"_links":{"self":[{"href":"https:\/\/www.shazadconstruction.com\/fr\/wp-json\/wp\/v2\/pages\/20","targetHints":{"allow":["GET"]}}],"collection":[{"href":"https:\/\/www.shazadconstruction.com\/fr\/wp-json\/wp\/v2\/pages"}],"about":[{"href":"https:\/\/www.shazadconstruction.com\/fr\/wp-json\/wp\/v2\/types\/page"}],"author":[{"embeddable":true,"href":"https:\/\/www.shazadconstruction.com\/fr\/wp-json\/wp\/v2\/users\/2"}],"replies":[{"embeddable":true,"href":"https:\/\/www.shazadconstruction.com\/fr\/wp-json\/wp\/v2\/comments?post=20"}],"version-history":[{"count":1,"href":"https:\/\/www.shazadconstruction.com\/fr\/wp-json\/wp\/v2\/pages\/20\/revisions"}],"predecessor-version":[{"id":3083,"href":"https:\/\/www.shazadconstruction.com\/fr\/wp-json\/wp\/v2\/pages\/20\/revisions\/3083"}],"wp:featuredmedia":[{"embeddable":true,"href":"https:\/\/www.shazadconstruction.com\/fr\/wp-json\/wp\/v2\/media\/178"}],"wp:attachment":[{"href":"https:\/\/www.shazadconstruction.com\/fr\/wp-json\/wp\/v2\/media?parent=20"}],"curies":[{"name":"wp","href":"https:\/\/api.w.org\/{rel}","templated":true}]}}