{"id":2202,"date":"2023-11-26T15:24:47","date_gmt":"2023-11-26T14:24:47","guid":{"rendered":"https:\/\/www.shazadconstruction.com\/?page_id=2202"},"modified":"2024-12-05T12:07:29","modified_gmt":"2024-12-05T11:07:29","slug":"entreprise-travaux-cote-dazur","status":"publish","type":"page","link":"https:\/\/www.shazadconstruction.com\/fr\/entreprise-travaux-cote-dazur\/","title":{"rendered":"Secteurs"},"content":{"rendered":"<p>[vc_row][vc_column][vc_row_inner][vc_column_inner]<h2  class=\"cc-title cc-title-left \"\r\nstyle=\"\">\r\n  <span>Entreprise de construction C\u00f4te d'Azur<\/span>\r\n<\/h2>[\/vc_column_inner][\/vc_row_inner][\/vc_column][\/vc_row][vc_row][vc_column width=\u00a0\u00bb1\/3&Prime;][vc_column_text]Notre <strong>entreprise g\u00e9n\u00e9rale<\/strong> incarne l&rsquo;excellence et l&rsquo;engagement sur la <strong>C\u00f4te d&rsquo;Azur<\/strong> depuis plusieurs g\u00e9n\u00e9rations. Sp\u00e9cialis\u00e9s dans les<strong> travaux\u00a0<\/strong> de <strong>r\u00e9novation<\/strong> et de <strong>construction<\/strong> haut de gamme, nos \u00e9quipe d\u00e9vou\u00e9es \u0153uvre avec passion pour r\u00e9aliser vos projets sur mesure. Nous intervenons de <strong>Monaco<\/strong> \u00e0 <strong>Saint Tropez<\/strong> et nous engageons \u00e0 fournir des solutions de qualit\u00e9, respectueuses des d\u00e9lais et des budgets. Avec nous, chaque projet devient une histoire de famille.<\/p>\n<p>[\/vc_column_text][vc_column_text]<\/p>\n<ul>\n<li><a href=\"https:\/\/www.shazadconstruction.com\/fr\/cannes\/\">Cannes<\/a><\/li>\n<li>Mougins<\/li>\n<li>Antibes<\/li>\n<li>Le Cannet<\/li>\n<li>Th\u00e9oule sur mer<\/li>\n<li>Grasse<\/li>\n<\/ul>\n<p>[\/vc_column_text][\/vc_column][vc_column width=\u00a0\u00bb2\/3&Prime;][vc_single_image image=\u00a0\u00bb2471&Prime; img_size=\u00a0\u00bblarge\u00a0\u00bb alignment=\u00a0\u00bbright\u00a0\u00bb][\/vc_column][\/vc_row][vc_row][vc_column]  <div class=\"empty-space empty-space-mobile\" style=\"height: 20px;\"><\/div>\n\n  <div class=\"empty-space empty-space-tablet\" style=\"height: 30px;\"><\/div>\n\n  <div class=\"empty-space empty-space-desktop\" style=\"height: 40px;\"><\/div>\n[\/vc_column][\/vc_row][vc_row][vc_column width=\u00a0\u00bb1\/2&Prime;][vc_single_image image=\u00a0\u00bb2474&Prime; img_size=\u00a0\u00bblarge\u00a0\u00bb][\/vc_column][vc_column width=\u00a0\u00bb1\/2&Prime;]<h2  class=\"cc-title cc-title-center \"\r\nstyle=\"\">\r\n  <span>Cannes<\/span>\r\n<\/h2>[vc_column_text]<a href=\"https:\/\/www.shazadconstruction.com\/fr\/cannes\/\"><strong>Cannes<\/strong><\/a>, c\u00e9l\u00e8bre pour son festival de cin\u00e9ma et son attrait touristique international, pr\u00e9sente plusieurs avantages pour la r\u00e9alisation de travaux sur la <strong>C\u00f4te d&rsquo;Azur<\/strong>. En effet, la ville offre un cadre exceptionnel, propice \u00e0 l&#8217;embellissement et \u00e0 la <strong>r\u00e9novation<\/strong> de propri\u00e9t\u00e9s. Que ce soit pour des <strong>villas haut de gamme<\/strong>, des appartements le long de la <strong>Croisette<\/strong> ou des <strong>maisons proven\u00e7ale<\/strong>s, les <strong>travaux<\/strong> permettent de valoriser ces biens et d&rsquo;assurer leur p\u00e9rennit\u00e9 dans un environnement o\u00f9 l&rsquo;esth\u00e9tique joue un r\u00f4le pr\u00e9pond\u00e9rant. De plus, les investissements dans des travaux de qualit\u00e9 peuvent contribuer \u00e0 accro\u00eetre la valeur patrimoniale des biens immobiliers \u00e0 <a href=\"https:\/\/www.shazadconstruction.com\/fr\/cannes\/\"><strong>Cannes<\/strong><\/a>.[\/vc_column_text][\/vc_column][\/vc_row][vc_row][vc_column]  <div class=\"empty-space empty-space-mobile\" style=\"height: 20px;\"><\/div>\n\n  <div class=\"empty-space empty-space-tablet\" style=\"height: 30px;\"><\/div>\n\n  <div class=\"empty-space empty-space-desktop\" style=\"height: 50px;\"><\/div>\n[\/vc_column][\/vc_row][vc_row][vc_column width=\u00a0\u00bb1\/2&Prime;]<h2  class=\"cc-title cc-title-center \"\r\nstyle=\"\">\r\n  <span>Mougins<\/span>\r\n<\/h2>[vc_column_text]Faire des <strong>travaux<\/strong> \u00e0 <strong>Mougins<\/strong> pr\u00e9sente un int\u00e9r\u00eat multiple. Nich\u00e9e dans l&rsquo;arri\u00e8re-pays de la <strong>C\u00f4te d&rsquo;Azur<\/strong>, cette commune offre un cadre de vie privil\u00e9gi\u00e9, entre patrimoine historique et paysages verdoyants. La r\u00e9alisation de <strong>travaux<\/strong> permet non seulement d&#8217;embellir les propri\u00e9t\u00e9s, qu&rsquo;il s&rsquo;agisse de <strong>bastides<\/strong> traditionnelles ou de <strong>villas contemporaines<\/strong>, mais aussi d&rsquo;adapter les habitations aux exigences modernes tout en pr\u00e9servant leur charme authentique. En investissant dans des <strong>construction<\/strong> ou des<strong> r\u00e9novations<\/strong> de qualit\u00e9, les propri\u00e9taires peuvent valoriser leur bien sur un march\u00e9 immobilier dynamique tout en am\u00e9liorant leur confort de vie au c\u0153ur de cette commune pris\u00e9e de la <strong>French Riviera<\/strong>.<\/p>\n<p>[\/vc_column_text][\/vc_column][vc_column width=\u00a0\u00bb1\/2&Prime;][vc_single_image image=\u00a0\u00bb2476&Prime; img_size=\u00a0\u00bblarge\u00a0\u00bb][\/vc_column][\/vc_row][vc_row][vc_column]  <div class=\"empty-space empty-space-mobile\" style=\"height: 20px;\"><\/div>\n\n  <div class=\"empty-space empty-space-tablet\" style=\"height: 30px;\"><\/div>\n\n  <div class=\"empty-space empty-space-desktop\" style=\"height: 50px;\"><\/div>\n[\/vc_column][\/vc_row][vc_row][vc_column width=\u00a0\u00bb1\/2&Prime;][vc_single_image image=\u00a0\u00bb2478&Prime; img_size=\u00a0\u00bblarge\u00a0\u00bb][\/vc_column][vc_column width=\u00a0\u00bb1\/2&Prime;]<h2  class=\"cc-title cc-title-center \"\r\nstyle=\"\">\r\n  <span>Antibes<\/span>\r\n<\/h2>[vc_column_text]Entre mer et montagnes, <strong>Antibes<\/strong>, avec son c\u00e9l\u00e8bre Cap, offre un cadre de vie unique sur la C\u00f4te d&rsquo;Azur. Investir dans des <strong>travaux<\/strong> dans cette ville, en particulier dans le prestigieux <strong>Cap d&rsquo;Antibes<\/strong>, pr\u00e9sente plusieurs avantages. Les villas luxueuses qui pars\u00e8ment ce littoral sont des joyaux immobiliers, t\u00e9moignant d&rsquo;un art de vivre recherch\u00e9. R\u00e9aliser des <strong>travaux<\/strong> dans ces propri\u00e9t\u00e9s permet de pr\u00e9server leur charme tout en les adaptant aux standards contemporains, ce qui les rend encore plus attractives sur un march\u00e9 immobilier haut de gamme. De plus, ces <strong>r\u00e9novations<\/strong> contribuent \u00e0 maintenir et \u00e0 valoriser le patrimoine exceptionnel de la r\u00e9gion.[\/vc_column_text][\/vc_column][\/vc_row][vc_row][vc_column]  <div class=\"empty-space empty-space-mobile\" style=\"height: 20px;\"><\/div>\n\n  <div class=\"empty-space empty-space-tablet\" style=\"height: 30px;\"><\/div>\n\n  <div class=\"empty-space empty-space-desktop\" style=\"height: 50px;\"><\/div>\n[\/vc_column][\/vc_row][vc_row][vc_column width=\u00a0\u00bb1\/2&Prime;]<h2  class=\"cc-title cc-title-center \"\r\nstyle=\"\">\r\n  <span>Th\u00e9oule-sur-Mer<\/span>\r\n<\/h2>[vc_column_text]Effectuer des travaux \u00e0 <strong>Th\u00e9oule-sur-Mer<\/strong>, enclave pr\u00e9serv\u00e9e de la <strong>C\u00f4te d&rsquo;Azur<\/strong>, offre une opportunit\u00e9 unique. Nich\u00e9e entre le massif de l&rsquo;Esterel et la M\u00e9diterran\u00e9e, cette commune allie le charme proven\u00e7al \u00e0 des panoramas exceptionnels. R\u00e9aliser des <strong>travaux<\/strong> dans cette localit\u00e9 pittoresque permet de valoriser les propri\u00e9t\u00e9s, qu&rsquo;il s&rsquo;agisse de <strong>villas en bord de mer<\/strong>, de r\u00e9sidences avec vue sur la baie ou de demeures nich\u00e9es dans les collines. En modernisant et en embellissant les biens, les <strong>travaux<\/strong> augmentent leur attrait sur le march\u00e9 immobilier, offrant aux propri\u00e9taires l&rsquo;occasion d&rsquo;investir dans un cadre de vie idyllique o\u00f9 le prestige rime avec s\u00e9r\u00e9nit\u00e9.[\/vc_column_text][\/vc_column][vc_column width=\u00a0\u00bb1\/2&Prime;][vc_single_image image=\u00a0\u00bb2482&Prime; img_size=\u00a0\u00bblarge\u00a0\u00bb][\/vc_column][\/vc_row][vc_row][vc_column]  <div class=\"empty-space empty-space-mobile\" style=\"height: 20px;\"><\/div>\n\n  <div class=\"empty-space empty-space-tablet\" style=\"height: 30px;\"><\/div>\n\n  <div class=\"empty-space empty-space-desktop\" style=\"height: 50px;\"><\/div>\n[\/vc_column][\/vc_row][vc_row][vc_column width=\u00a0\u00bb1\/2&Prime;][vc_single_image image=\u00a0\u00bb2502&Prime; img_size=\u00a0\u00bblarge\u00a0\u00bb][\/vc_column][vc_column width=\u00a0\u00bb1\/2&Prime;]<h2  class=\"cc-title cc-title-center \"\r\nstyle=\"\">\r\n  <span>Grasse<\/span>\r\n<\/h2>[vc_column_text]Entreprendre des <strong>travaux<\/strong> dans une villa ou une bastide \u00e0 <strong>Grasse<\/strong> pr\u00e9sente un int\u00e9r\u00eat certain. En tant que cit\u00e9 embl\u00e9matique de la <strong>C\u00f4te d&rsquo;Azur<\/strong>, capitale du parfum, <strong>Grasse<\/strong> incarne \u00e0 la fois le charme proven\u00e7al et l&rsquo;aura culturelle. Cette ville, riche en histoire et au charme typiquement proven\u00e7al, constitue un cadre id\u00e9al pour pr\u00e9server et valoriser le patrimoine architectural. La<strong> restauration d&rsquo;une bastide<\/strong> permet de perp\u00e9tuer cet h\u00e9ritage tout en r\u00e9pondant aux besoins contemporains en termes de confort et de fonctionnalit\u00e9.[\/vc_column_text][\/vc_column][\/vc_row][vc_row][vc_column]  <div class=\"empty-space empty-space-mobile\" style=\"height: 20px;\"><\/div>\n\n  <div class=\"empty-space empty-space-tablet\" style=\"height: 30px;\"><\/div>\n\n  <div class=\"empty-space empty-space-desktop\" style=\"height: 50px;\"><\/div>\n[\/vc_column][\/vc_row]<\/p>\n","protected":false},"excerpt":{"rendered":"<p>[vc_row][vc_column][vc_row_inner][vc_column_inner][\/vc_column_inner][\/vc_row_inner][\/vc_column][\/vc_row][vc_row][vc_column width=\u00a0\u00bb1\/3&Prime;][vc_column_text]Notre entreprise g\u00e9n\u00e9rale incarne l&rsquo;excellence et l&rsquo;engagement sur la C\u00f4te d&rsquo;Azur depuis plusieurs g\u00e9n\u00e9rations. Sp\u00e9cialis\u00e9s dans les travaux\u00a0 de r\u00e9novation et de construction haut de gamme, nos \u00e9quipe d\u00e9vou\u00e9es \u0153uvre avec passion pour r\u00e9aliser vos projets sur mesure. Nous intervenons de Monaco \u00e0 Saint Tropez et nous engageons \u00e0 fournir des solutions de qualit\u00e9, [&hellip;]<\/p>\n","protected":false},"author":2,"featured_media":2467,"parent":0,"menu_order":0,"comment_status":"closed","ping_status":"closed","template":"","meta":{"footnotes":""},"yoast_head":"<!-- This site is optimized with the Yoast SEO plugin v21.7 - https:\/\/yoast.com\/wordpress\/plugins\/seo\/ -->\n<title>Shazad Construction - secteur d&#039;intervention<\/title>\n<meta name=\"description\" content=\"Nous intervenons pour r\u00e9aliser des travaux sur la C\u00f4te d&#039;Azur, de Cannes \u00e0 Mougins, Antibes, Le Cannet, Th\u00e9oule sur mer, Grasse, etc,.\" \/>\n<meta name=\"robots\" content=\"index, follow, max-snippet:-1, max-image-preview:large, max-video-preview:-1\" \/>\n<link rel=\"canonical\" href=\"https:\/\/www.shazadconstruction.com\/fr\/entreprise-travaux-cote-dazur\/\" \/>\n<meta property=\"og:locale\" content=\"fr_FR\" \/>\n<meta property=\"og:type\" content=\"article\" \/>\n<meta property=\"og:title\" content=\"Shazad Construction - secteur d&#039;intervention\" \/>\n<meta property=\"og:description\" content=\"Nous intervenons pour r\u00e9aliser des travaux sur la C\u00f4te d&#039;Azur, de Cannes \u00e0 Mougins, Antibes, Le Cannet, Th\u00e9oule sur mer, Grasse, etc,.\" \/>\n<meta property=\"og:url\" content=\"https:\/\/www.shazadconstruction.com\/fr\/entreprise-travaux-cote-dazur\/\" \/>\n<meta property=\"og:site_name\" content=\"Shazad Construction\" \/>\n<meta property=\"article:modified_time\" content=\"2024-12-05T11:07:29+00:00\" \/>\n<meta property=\"og:image\" content=\"https:\/\/www.shazadconstruction.com\/wp-content\/uploads\/2024\/04\/pexels-mike-kit-590388141-17230747-1024x683.jpg\" \/>\n\t<meta property=\"og:image:width\" content=\"1024\" \/>\n\t<meta property=\"og:image:height\" content=\"683\" \/>\n\t<meta property=\"og:image:type\" content=\"image\/jpeg\" \/>\n<meta name=\"twitter:card\" content=\"summary_large_image\" \/>\n<meta name=\"twitter:label1\" content=\"Dur\u00e9e de lecture estim\u00e9e\" \/>\n\t<meta name=\"twitter:data1\" content=\"5 minutes\" \/>\n<script type=\"application\/ld+json\" class=\"yoast-schema-graph\">{\"@context\":\"https:\/\/schema.org\",\"@graph\":[{\"@type\":\"WebPage\",\"@id\":\"https:\/\/www.shazadconstruction.com\/fr\/entreprise-travaux-cote-dazur\/\",\"url\":\"https:\/\/www.shazadconstruction.com\/fr\/entreprise-travaux-cote-dazur\/\",\"name\":\"Shazad Construction - secteur d'intervention\",\"isPartOf\":{\"@id\":\"https:\/\/www.shazadconstruction.com\/fr\/#website\"},\"datePublished\":\"2023-11-26T14:24:47+00:00\",\"dateModified\":\"2024-12-05T11:07:29+00:00\",\"description\":\"Nous intervenons pour r\u00e9aliser des travaux sur la C\u00f4te d'Azur, de Cannes \u00e0 Mougins, Antibes, Le Cannet, Th\u00e9oule sur mer, Grasse, etc,.\",\"breadcrumb\":{\"@id\":\"https:\/\/www.shazadconstruction.com\/fr\/entreprise-travaux-cote-dazur\/#breadcrumb\"},\"inLanguage\":\"fr-FR\",\"potentialAction\":[{\"@type\":\"ReadAction\",\"target\":[\"https:\/\/www.shazadconstruction.com\/fr\/entreprise-travaux-cote-dazur\/\"]}]},{\"@type\":\"BreadcrumbList\",\"@id\":\"https:\/\/www.shazadconstruction.com\/fr\/entreprise-travaux-cote-dazur\/#breadcrumb\",\"itemListElement\":[{\"@type\":\"ListItem\",\"position\":1,\"name\":\"Accueil\",\"item\":\"https:\/\/www.shazadconstruction.com\/fr\/\"},{\"@type\":\"ListItem\",\"position\":2,\"name\":\"Secteurs\"}]},{\"@type\":\"WebSite\",\"@id\":\"https:\/\/www.shazadconstruction.com\/fr\/#website\",\"url\":\"https:\/\/www.shazadconstruction.com\/fr\/\",\"name\":\"Shazad Construction\",\"description\":\"\",\"potentialAction\":[{\"@type\":\"SearchAction\",\"target\":{\"@type\":\"EntryPoint\",\"urlTemplate\":\"https:\/\/www.shazadconstruction.com\/fr\/?s={search_term_string}\"},\"query-input\":\"required name=search_term_string\"}],\"inLanguage\":\"fr-FR\"}]}<\/script>\n<!-- \/ Yoast SEO plugin. -->","yoast_head_json":{"title":"Shazad Construction - secteur d'intervention","description":"Nous intervenons pour r\u00e9aliser des travaux sur la C\u00f4te d'Azur, de Cannes \u00e0 Mougins, Antibes, Le Cannet, Th\u00e9oule sur mer, Grasse, etc,.","robots":{"index":"index","follow":"follow","max-snippet":"max-snippet:-1","max-image-preview":"max-image-preview:large","max-video-preview":"max-video-preview:-1"},"canonical":"https:\/\/www.shazadconstruction.com\/fr\/entreprise-travaux-cote-dazur\/","og_locale":"fr_FR","og_type":"article","og_title":"Shazad Construction - secteur d'intervention","og_description":"Nous intervenons pour r\u00e9aliser des travaux sur la C\u00f4te d'Azur, de Cannes \u00e0 Mougins, Antibes, Le Cannet, Th\u00e9oule sur mer, Grasse, etc,.","og_url":"https:\/\/www.shazadconstruction.com\/fr\/entreprise-travaux-cote-dazur\/","og_site_name":"Shazad Construction","article_modified_time":"2024-12-05T11:07:29+00:00","og_image":[{"width":1024,"height":683,"url":"https:\/\/www.shazadconstruction.com\/wp-content\/uploads\/2024\/04\/pexels-mike-kit-590388141-17230747-1024x683.jpg","type":"image\/jpeg"}],"twitter_card":"summary_large_image","twitter_misc":{"Dur\u00e9e de lecture estim\u00e9e":"5 minutes"},"schema":{"@context":"https:\/\/schema.org","@graph":[{"@type":"WebPage","@id":"https:\/\/www.shazadconstruction.com\/fr\/entreprise-travaux-cote-dazur\/","url":"https:\/\/www.shazadconstruction.com\/fr\/entreprise-travaux-cote-dazur\/","name":"Shazad Construction - secteur d'intervention","isPartOf":{"@id":"https:\/\/www.shazadconstruction.com\/fr\/#website"},"datePublished":"2023-11-26T14:24:47+00:00","dateModified":"2024-12-05T11:07:29+00:00","description":"Nous intervenons pour r\u00e9aliser des travaux sur la C\u00f4te d'Azur, de Cannes \u00e0 Mougins, Antibes, Le Cannet, Th\u00e9oule sur mer, Grasse, etc,.","breadcrumb":{"@id":"https:\/\/www.shazadconstruction.com\/fr\/entreprise-travaux-cote-dazur\/#breadcrumb"},"inLanguage":"fr-FR","potentialAction":[{"@type":"ReadAction","target":["https:\/\/www.shazadconstruction.com\/fr\/entreprise-travaux-cote-dazur\/"]}]},{"@type":"BreadcrumbList","@id":"https:\/\/www.shazadconstruction.com\/fr\/entreprise-travaux-cote-dazur\/#breadcrumb","itemListElement":[{"@type":"ListItem","position":1,"name":"Accueil","item":"https:\/\/www.shazadconstruction.com\/fr\/"},{"@type":"ListItem","position":2,"name":"Secteurs"}]},{"@type":"WebSite","@id":"https:\/\/www.shazadconstruction.com\/fr\/#website","url":"https:\/\/www.shazadconstruction.com\/fr\/","name":"Shazad Construction","description":"","potentialAction":[{"@type":"SearchAction","target":{"@type":"EntryPoint","urlTemplate":"https:\/\/www.shazadconstruction.com\/fr\/?s={search_term_string}"},"query-input":"required name=search_term_string"}],"inLanguage":"fr-FR"}]}},"_links":{"self":[{"href":"https:\/\/www.shazadconstruction.com\/fr\/wp-json\/wp\/v2\/pages\/2202"}],"collection":[{"href":"https:\/\/www.shazadconstruction.com\/fr\/wp-json\/wp\/v2\/pages"}],"about":[{"href":"https:\/\/www.shazadconstruction.com\/fr\/wp-json\/wp\/v2\/types\/page"}],"author":[{"embeddable":true,"href":"https:\/\/www.shazadconstruction.com\/fr\/wp-json\/wp\/v2\/users\/2"}],"replies":[{"embeddable":true,"href":"https:\/\/www.shazadconstruction.com\/fr\/wp-json\/wp\/v2\/comments?post=2202"}],"version-history":[{"count":0,"href":"https:\/\/www.shazadconstruction.com\/fr\/wp-json\/wp\/v2\/pages\/2202\/revisions"}],"wp:featuredmedia":[{"embeddable":true,"href":"https:\/\/www.shazadconstruction.com\/fr\/wp-json\/wp\/v2\/media\/2467"}],"wp:attachment":[{"href":"https:\/\/www.shazadconstruction.com\/fr\/wp-json\/wp\/v2\/media?parent=2202"}],"curies":[{"name":"wp","href":"https:\/\/api.w.org\/{rel}","templated":true}]}}