{"id":2414,"date":"2024-04-19T11:10:19","date_gmt":"2024-04-19T09:10:19","guid":{"rendered":"https:\/\/www.shazadconstruction.com\/?page_id=2414"},"modified":"2024-05-10T17:44:15","modified_gmt":"2024-05-10T15:44:15","slug":"entreprise-renovation-cannes","status":"publish","type":"page","link":"https:\/\/www.shazadconstruction.com\/fr\/entreprise-renovation-cannes\/","title":{"rendered":"Entreprise r\u00e9novation Cannes"},"content":{"rendered":"<p>[vc_row full_width=\u00a0\u00bbstretch_row_content\u00a0\u00bb gap=\u00a0\u00bb20&Prime; css=\u00a0\u00bb.vc_custom_1714124934950{margin-top: -100px !important;}\u00a0\u00bb][vc_column width=\u00a0\u00bb1\/2&Prime; css=\u00a0\u00bb.vc_custom_1715325232067{padding-top: 100px !important;padding-bottom: 100px !important;background-image: url(https:\/\/www.shazadconstruction.com\/wp-content\/uploads\/2021\/02\/14-1.jpg?id=1092) !important;background-position: center !important;background-repeat: no-repeat !important;background-size: cover !important;}\u00a0\u00bb][vc_btn title=\u00a0\u00bbD\u00e9couvrez nos projets\u00a0\u00bb color=\u00a0\u00bbcc-color1&Prime; align=\u00a0\u00bbcenter\u00a0\u00bb link=\u00a0\u00bburl:https%3A%2F%2Fwww.shazadconstruction.com%2Ffr%2Fprojet-de-construction%2F|title:Nos%20projets\u00a0\u00bb][\/vc_column][vc_column width=\u00a0\u00bb1\/2&Prime; css=\u00a0\u00bb.vc_custom_1715325171672{padding-top: 100px !important;padding-bottom: 100px !important;background-image: url(https:\/\/www.shazadconstruction.com\/wp-content\/uploads\/2021\/02\/16-1.jpg?id=1094) !important;background-position: center !important;background-repeat: no-repeat !important;background-size: cover !important;}\u00a0\u00bb][vc_btn title=\u00a0\u00bbNous conna\u00eetre\u00a0\u00bb color=\u00a0\u00bbcc-color1&Prime; align=\u00a0\u00bbcenter\u00a0\u00bb link=\u00a0\u00bburl:https%3A%2F%2Fwww.shazadconstruction.com%2Ffr%2Fnous-connaitre%2F|title:Nous%20conna%C3%AEtre\u00a0\u00bb][\/vc_column][\/vc_row][vc_row css=\u00a0\u00bb.vc_custom_1713099545637{margin-top: 100px !important;}\u00a0\u00bb][vc_column width=\u00a0\u00bb1\/6&Prime;][\/vc_column][vc_column width=\u00a0\u00bb2\/3&Prime;][vc_column_text]<\/p>\n<h2>Qualit\u00e9 et Durabilit\u00e9<\/h2>\n<p>Chez Shazad Construction, nous croyons fermement en la qualit\u00e9 et la durabilit\u00e9. C&rsquo;est pourquoi nous n&rsquo;utilisons que les meilleurs mat\u00e9riaux et les techniques les plus avanc\u00e9es dans tous nos projets de r\u00e9novation. Notre engagement envers l&rsquo;excellence se refl\u00e8te dans chaque aspect de notre travail, assurant non seulement des r\u00e9sultats impressionnants, mais aussi des solutions durables qui r\u00e9sisteront \u00e0 l&rsquo;\u00e9preuve du temps.<\/p>\n<h2>Respect des D\u00e9lais et du Budget<\/h2>\n<p>Nous comprenons l&rsquo;importance de respecter les d\u00e9lais et le budget de nos clients. C&rsquo;est pourquoi nous travaillons de mani\u00e8re efficace et transparente \u00e0 chaque \u00e9tape du processus de r\u00e9novation. Notre \u00e9quipe s&rsquo;engage \u00e0 livrer votre projet \u00e0 temps et dans les limites du budget convenu, sans compromettre la qualit\u00e9 ou l&rsquo;int\u00e9grit\u00e9 du travail.<\/p>\n<h2>Exp\u00e9rience et Expertise<\/h2>\n<p>Avec des ann\u00e9es d&rsquo;exp\u00e9rience dans l&rsquo;industrie de la construction et de la r\u00e9novation, nous avons acquis une expertise in\u00e9gal\u00e9e dans notre domaine. Notre \u00e9quipe est compos\u00e9e de professionnels qualifi\u00e9s et passionn\u00e9s qui sont d\u00e9termin\u00e9s \u00e0 fournir un travail de qualit\u00e9 sup\u00e9rieure \u00e0 chaque client. Avec Shazad Construction, vous pouvez avoir confiance en notre capacit\u00e9 \u00e0 r\u00e9aliser vos projets de r\u00e9novation avec succ\u00e8s.<\/p>\n<h2>Engagement envers la Satisfaction Client<\/h2>\n<p>La satisfaction de nos clients est notre priorit\u00e9 absolue. Nous nous engageons \u00e0 offrir un service personnalis\u00e9 et attentionn\u00e9 \u00e0 chaque \u00e9tape du processus de r\u00e9novation. Notre \u00e9quipe est toujours disponible pour r\u00e9pondre \u00e0 vos questions, \u00e9couter vos pr\u00e9occupations et vous tenir inform\u00e9 de l&rsquo;avancement de votre projet. Avec Shazad Construction, vous pouvez \u00eatre assur\u00e9 que vous \u00eates entre de bonnes mains.<\/p>\n<h2>Contactez-nous d\u00e8s Aujourd&rsquo;hui<\/h2>\n<p>Pr\u00eat \u00e0 commencer votre projet de r\u00e9novation \u00e0 Cannes? Contactez-nous d\u00e8s aujourd&rsquo;hui pour une consultation initiale gratuite. Notre \u00e9quipe se fera un plaisir de discuter de vos id\u00e9es, de r\u00e9pondre \u00e0 vos questions et de vous fournir un devis d\u00e9taill\u00e9. Avec Shazad Construction \u00e0 vos c\u00f4t\u00e9s, vous pouvez transformer votre vision en r\u00e9alit\u00e9. Nous avons h\u00e2te de travailler avec vous!<\/p>\n<p>[\/vc_column_text][\/vc_column][vc_column width=\u00a0\u00bb1\/6&Prime;][\/vc_column][\/vc_row][vc_row full_width=\u00a0\u00bbstretch_row_content\u00a0\u00bb gap=\u00a0\u00bb20&Prime; full_height=\u00a0\u00bbyes\u00a0\u00bb equal_height=\u00a0\u00bbyes\u00a0\u00bb content_placement=\u00a0\u00bbmiddle\u00a0\u00bb][vc_column width=\u00a0\u00bb1\/2&Prime;][vc_single_image image=\u00a0\u00bb1614&Prime; img_size=\u00a0\u00bbfull\u00a0\u00bb][\/vc_column][vc_column width=\u00a0\u00bb1\/2&Prime; css=\u00a0\u00bb.vc_custom_1712662792343{padding-top: 50px !important;padding-right: 50px !important;padding-bottom: 50px !important;padding-left: 50px !important;}\u00a0\u00bb]<h2  class=\"cc-title cc-title-center \"\r\nstyle=\"\">\r\n  <span>Un projet ? Contactez-nous<\/span>\r\n<\/h2>\n<div class=\"wpcf7 no-js\" id=\"wpcf7-f5-o1\" lang=\"fr-FR\" dir=\"ltr\">\n<div class=\"screen-reader-response\"><p role=\"status\" aria-live=\"polite\" aria-atomic=\"true\"><\/p> <ul><\/ul><\/div>\n<form action=\"\/fr\/wp-json\/wp\/v2\/pages\/2414#wpcf7-f5-o1\" method=\"post\" class=\"wpcf7-form init wpcf7-acceptance-as-validation\" aria-label=\"Formulaire de contact\" novalidate=\"novalidate\" data-status=\"init\">\n<div style=\"display: none;\">\n<input type=\"hidden\" name=\"_wpcf7\" value=\"5\" \/>\n<input type=\"hidden\" name=\"_wpcf7_version\" value=\"5.8.5\" \/>\n<input type=\"hidden\" name=\"_wpcf7_locale\" value=\"fr_FR\" \/>\n<input type=\"hidden\" name=\"_wpcf7_unit_tag\" value=\"wpcf7-f5-o1\" \/>\n<input type=\"hidden\" name=\"_wpcf7_container_post\" value=\"0\" \/>\n<input type=\"hidden\" name=\"_wpcf7_posted_data_hash\" value=\"\" \/>\n<\/div>\n<p><span class=\"wpcf7-form-control-wrap\" data-name=\"your-name\"><input size=\"40\" class=\"wpcf7-form-control wpcf7-text wpcf7-validates-as-required\" aria-required=\"true\" aria-invalid=\"false\" placeholder=\"Nom *\" value=\"\" type=\"text\" name=\"your-name\" \/><\/span>\n<\/p>\n<div class=\"vc_row\">\n\t<div class=\"wpb_column vc_column_container vc_col-sm-6\">\n\t\t<div class=\"vc_column-inner\">\n\t\t\t<p><span class=\"wpcf7-form-control-wrap\" data-name=\"your-phone\"><input size=\"40\" class=\"wpcf7-form-control wpcf7-tel wpcf7-validates-as-required wpcf7-text wpcf7-validates-as-tel\" aria-required=\"true\" aria-invalid=\"false\" placeholder=\"T\u00e9l\u00e9phone *\" value=\"\" type=\"tel\" name=\"your-phone\" \/><\/span>\n\t\t\t<\/p>\n\t\t<\/div>\n\t<\/div>\n\t<div class=\"wpb_column vc_column_container vc_col-sm-6\">\n\t\t<div class=\"vc_column-inner\">\n\t\t\t<p><span class=\"wpcf7-form-control-wrap\" data-name=\"your-email\"><input size=\"40\" class=\"wpcf7-form-control wpcf7-email wpcf7-validates-as-required wpcf7-text wpcf7-validates-as-email\" aria-required=\"true\" aria-invalid=\"false\" placeholder=\"E-mail *\" value=\"\" type=\"email\" name=\"your-email\" \/><\/span>\n\t\t\t<\/p>\n\t\t<\/div>\n\t<\/div>\n<\/div>\n<p><span class=\"wpcf7-form-control-wrap\" data-name=\"your-message\"><textarea cols=\"40\" rows=\"10\" class=\"wpcf7-form-control wpcf7-textarea wpcf7-validates-as-required\" aria-required=\"true\" aria-invalid=\"false\" placeholder=\"Message *\" name=\"your-message\"><\/textarea><\/span>\n<\/p>\n<p><span class=\"wpcf7-form-control-wrap\" data-name=\"acceptance-989\"><span class=\"wpcf7-form-control wpcf7-acceptance\"><span class=\"wpcf7-list-item\"><label><input type=\"checkbox\" name=\"acceptance-989\" value=\"1\" aria-invalid=\"false\" \/><span class=\"wpcf7-list-item-label\">J\u2019accepte que les informations saisies dans ce formulaire soient exploit\u00e9es pour me contacter, dans le cadre de ma demande et de la relation qui pourrait en d\u00e9couler<\/span><\/label><\/span><\/span><\/span>\n<\/p>\n<div style=\"text-align: center;\">\n\t<p><span class=\"wpcf7-form-control-wrap\" data-name=\"hcap-cf7\"><span id=\"hcap_cf7-69eb9a639e6f29.63676330\" class=\"wpcf7-form-control h-captcha\" data-sitekey=\"29509b65-7303-4ef8-a602-bb615039e2f8\" data-theme=\"light\" data-size=\"normal\" ><\/span><\/span><input type=\"hidden\" id=\"_wpnonce\" name=\"_wpnonce\" value=\"ec144ab4ad\" \/><input type=\"hidden\" name=\"_wp_http_referer\" value=\"\/fr\/wp-json\/wp\/v2\/pages\/2414\" \/><input class=\"wpcf7-form-control wpcf7-submit has-spinner\" type=\"submit\" value=\"Envoyer\" \/>\n\t<\/p>\n<\/div><div class=\"wpcf7-response-output\" aria-hidden=\"true\"><\/div>\n<\/form>\n<\/div>\n[\/vc_column][\/vc_row]<\/p>\n","protected":false},"excerpt":{"rendered":"<p>[vc_row full_width=\u00a0\u00bbstretch_row_content\u00a0\u00bb gap=\u00a0\u00bb20&Prime; css=\u00a0\u00bb.vc_custom_1714124934950{margin-top: -100px !important;}\u00a0\u00bb][vc_column width=\u00a0\u00bb1\/2&Prime; css=\u00a0\u00bb.vc_custom_1715325232067{padding-top: 100px !important;padding-bottom: 100px !important;background-image: url(https:\/\/www.shazadconstruction.com\/wp-content\/uploads\/2021\/02\/14-1.jpg?id=1092) !important;background-position: center !important;background-repeat: no-repeat !important;background-size: cover !important;}\u00a0\u00bb][vc_btn title=\u00a0\u00bbD\u00e9couvrez nos projets\u00a0\u00bb color=\u00a0\u00bbcc-color1&Prime; align=\u00a0\u00bbcenter\u00a0\u00bb link=\u00a0\u00bburl:https%3A%2F%2Fwww.shazadconstruction.com%2Ffr%2Fprojet-de-construction%2F|title:Nos%20projets\u00a0\u00bb][\/vc_column][vc_column width=\u00a0\u00bb1\/2&Prime; css=\u00a0\u00bb.vc_custom_1715325171672{padding-top: 100px !important;padding-bottom: 100px !important;background-image: url(https:\/\/www.shazadconstruction.com\/wp-content\/uploads\/2021\/02\/16-1.jpg?id=1094) !important;background-position: center !important;background-repeat: no-repeat !important;background-size: cover !important;}\u00a0\u00bb][vc_btn title=\u00a0\u00bbNous conna\u00eetre\u00a0\u00bb color=\u00a0\u00bbcc-color1&Prime; align=\u00a0\u00bbcenter\u00a0\u00bb link=\u00a0\u00bburl:https%3A%2F%2Fwww.shazadconstruction.com%2Ffr%2Fnous-connaitre%2F|title:Nous%20conna%C3%AEtre\u00a0\u00bb][\/vc_column][\/vc_row][vc_row css=\u00a0\u00bb.vc_custom_1713099545637{margin-top: 100px !important;}\u00a0\u00bb][vc_column width=\u00a0\u00bb1\/6&Prime;][\/vc_column][vc_column width=\u00a0\u00bb2\/3&Prime;][vc_column_text] Qualit\u00e9 et Durabilit\u00e9 Chez Shazad [&hellip;]<\/p>\n","protected":false},"author":3,"featured_media":0,"parent":0,"menu_order":0,"comment_status":"closed","ping_status":"closed","template":"","meta":{"footnotes":""},"yoast_head":"<!-- This site is optimized with the Yoast SEO plugin v21.7 - https:\/\/yoast.com\/wordpress\/plugins\/seo\/ -->\n<title>Entreprise r\u00e9novation Cannes - Shazad Construction<\/title>\n<meta name=\"description\" content=\"Shazad Construction est une entreprise de r\u00e9novation bas\u00e9e au Cannet qui intervient sur la C\u00f4te d&#039;Azur de Monaco \u00e0 Saint Tropez.\" \/>\n<meta name=\"robots\" content=\"index, follow, max-snippet:-1, max-image-preview:large, max-video-preview:-1\" \/>\n<link rel=\"canonical\" href=\"https:\/\/www.shazadconstruction.com\/fr\/entreprise-renovation-cannes\/\" \/>\n<meta property=\"og:locale\" content=\"fr_FR\" \/>\n<meta property=\"og:type\" content=\"article\" \/>\n<meta property=\"og:title\" content=\"Entreprise r\u00e9novation Cannes - Shazad Construction\" \/>\n<meta property=\"og:description\" content=\"Shazad Construction est une entreprise de r\u00e9novation bas\u00e9e au Cannet qui intervient sur la C\u00f4te d&#039;Azur de Monaco \u00e0 Saint Tropez.\" \/>\n<meta property=\"og:url\" content=\"https:\/\/www.shazadconstruction.com\/fr\/entreprise-renovation-cannes\/\" \/>\n<meta property=\"og:site_name\" content=\"Shazad Construction\" \/>\n<meta property=\"article:modified_time\" content=\"2024-05-10T15:44:15+00:00\" \/>\n<meta name=\"twitter:card\" content=\"summary_large_image\" \/>\n<meta name=\"twitter:label1\" content=\"Dur\u00e9e de lecture estim\u00e9e\" \/>\n\t<meta name=\"twitter:data1\" content=\"3 minutes\" \/>\n<script type=\"application\/ld+json\" class=\"yoast-schema-graph\">{\"@context\":\"https:\/\/schema.org\",\"@graph\":[{\"@type\":\"WebPage\",\"@id\":\"https:\/\/www.shazadconstruction.com\/fr\/entreprise-renovation-cannes\/\",\"url\":\"https:\/\/www.shazadconstruction.com\/fr\/entreprise-renovation-cannes\/\",\"name\":\"Entreprise r\u00e9novation Cannes - Shazad Construction\",\"isPartOf\":{\"@id\":\"https:\/\/www.shazadconstruction.com\/fr\/#website\"},\"datePublished\":\"2024-04-19T09:10:19+00:00\",\"dateModified\":\"2024-05-10T15:44:15+00:00\",\"description\":\"Shazad Construction est une entreprise de r\u00e9novation bas\u00e9e au Cannet qui intervient sur la C\u00f4te d'Azur de Monaco \u00e0 Saint Tropez.\",\"breadcrumb\":{\"@id\":\"https:\/\/www.shazadconstruction.com\/fr\/entreprise-renovation-cannes\/#breadcrumb\"},\"inLanguage\":\"fr-FR\",\"potentialAction\":[{\"@type\":\"ReadAction\",\"target\":[\"https:\/\/www.shazadconstruction.com\/fr\/entreprise-renovation-cannes\/\"]}]},{\"@type\":\"BreadcrumbList\",\"@id\":\"https:\/\/www.shazadconstruction.com\/fr\/entreprise-renovation-cannes\/#breadcrumb\",\"itemListElement\":[{\"@type\":\"ListItem\",\"position\":1,\"name\":\"Accueil\",\"item\":\"https:\/\/www.shazadconstruction.com\/fr\/\"},{\"@type\":\"ListItem\",\"position\":2,\"name\":\"Entreprise r\u00e9novation Cannes\"}]},{\"@type\":\"WebSite\",\"@id\":\"https:\/\/www.shazadconstruction.com\/fr\/#website\",\"url\":\"https:\/\/www.shazadconstruction.com\/fr\/\",\"name\":\"Shazad Construction\",\"description\":\"\",\"potentialAction\":[{\"@type\":\"SearchAction\",\"target\":{\"@type\":\"EntryPoint\",\"urlTemplate\":\"https:\/\/www.shazadconstruction.com\/fr\/?s={search_term_string}\"},\"query-input\":\"required name=search_term_string\"}],\"inLanguage\":\"fr-FR\"}]}<\/script>\n<!-- \/ Yoast SEO plugin. -->","yoast_head_json":{"title":"Entreprise r\u00e9novation Cannes - Shazad Construction","description":"Shazad Construction est une entreprise de r\u00e9novation bas\u00e9e au Cannet qui intervient sur la C\u00f4te d'Azur de Monaco \u00e0 Saint Tropez.","robots":{"index":"index","follow":"follow","max-snippet":"max-snippet:-1","max-image-preview":"max-image-preview:large","max-video-preview":"max-video-preview:-1"},"canonical":"https:\/\/www.shazadconstruction.com\/fr\/entreprise-renovation-cannes\/","og_locale":"fr_FR","og_type":"article","og_title":"Entreprise r\u00e9novation Cannes - Shazad Construction","og_description":"Shazad Construction est une entreprise de r\u00e9novation bas\u00e9e au Cannet qui intervient sur la C\u00f4te d'Azur de Monaco \u00e0 Saint Tropez.","og_url":"https:\/\/www.shazadconstruction.com\/fr\/entreprise-renovation-cannes\/","og_site_name":"Shazad Construction","article_modified_time":"2024-05-10T15:44:15+00:00","twitter_card":"summary_large_image","twitter_misc":{"Dur\u00e9e de lecture estim\u00e9e":"3 minutes"},"schema":{"@context":"https:\/\/schema.org","@graph":[{"@type":"WebPage","@id":"https:\/\/www.shazadconstruction.com\/fr\/entreprise-renovation-cannes\/","url":"https:\/\/www.shazadconstruction.com\/fr\/entreprise-renovation-cannes\/","name":"Entreprise r\u00e9novation Cannes - Shazad Construction","isPartOf":{"@id":"https:\/\/www.shazadconstruction.com\/fr\/#website"},"datePublished":"2024-04-19T09:10:19+00:00","dateModified":"2024-05-10T15:44:15+00:00","description":"Shazad Construction est une entreprise de r\u00e9novation bas\u00e9e au Cannet qui intervient sur la C\u00f4te d'Azur de Monaco \u00e0 Saint Tropez.","breadcrumb":{"@id":"https:\/\/www.shazadconstruction.com\/fr\/entreprise-renovation-cannes\/#breadcrumb"},"inLanguage":"fr-FR","potentialAction":[{"@type":"ReadAction","target":["https:\/\/www.shazadconstruction.com\/fr\/entreprise-renovation-cannes\/"]}]},{"@type":"BreadcrumbList","@id":"https:\/\/www.shazadconstruction.com\/fr\/entreprise-renovation-cannes\/#breadcrumb","itemListElement":[{"@type":"ListItem","position":1,"name":"Accueil","item":"https:\/\/www.shazadconstruction.com\/fr\/"},{"@type":"ListItem","position":2,"name":"Entreprise r\u00e9novation Cannes"}]},{"@type":"WebSite","@id":"https:\/\/www.shazadconstruction.com\/fr\/#website","url":"https:\/\/www.shazadconstruction.com\/fr\/","name":"Shazad Construction","description":"","potentialAction":[{"@type":"SearchAction","target":{"@type":"EntryPoint","urlTemplate":"https:\/\/www.shazadconstruction.com\/fr\/?s={search_term_string}"},"query-input":"required name=search_term_string"}],"inLanguage":"fr-FR"}]}},"_links":{"self":[{"href":"https:\/\/www.shazadconstruction.com\/fr\/wp-json\/wp\/v2\/pages\/2414"}],"collection":[{"href":"https:\/\/www.shazadconstruction.com\/fr\/wp-json\/wp\/v2\/pages"}],"about":[{"href":"https:\/\/www.shazadconstruction.com\/fr\/wp-json\/wp\/v2\/types\/page"}],"author":[{"embeddable":true,"href":"https:\/\/www.shazadconstruction.com\/fr\/wp-json\/wp\/v2\/users\/3"}],"replies":[{"embeddable":true,"href":"https:\/\/www.shazadconstruction.com\/fr\/wp-json\/wp\/v2\/comments?post=2414"}],"version-history":[{"count":0,"href":"https:\/\/www.shazadconstruction.com\/fr\/wp-json\/wp\/v2\/pages\/2414\/revisions"}],"wp:attachment":[{"href":"https:\/\/www.shazadconstruction.com\/fr\/wp-json\/wp\/v2\/media?parent=2414"}],"curies":[{"name":"wp","href":"https:\/\/api.w.org\/{rel}","templated":true}]}}