{"id":332,"date":"2021-01-31T16:30:02","date_gmt":"2021-01-31T15:30:02","guid":{"rendered":"https:\/\/www.shazadconstruction.com\/?page_id=332"},"modified":"2026-03-02T11:45:47","modified_gmt":"2026-03-02T10:45:47","slug":"entreprise-generale","status":"publish","type":"page","link":"https:\/\/www.shazadconstruction.com\/fr\/entreprise-generale\/","title":{"rendered":"Entreprise g\u00e9n\u00e9rale"},"content":{"rendered":"<p>[vc_row][vc_column width=\u00a0\u00bb1\/2&Prime;][vc_single_image image=\u00a0\u00bb725&Prime; img_size=\u00a0\u00bb500&#215;600&Prime;][\/vc_column][vc_column css_animation=\u00a0\u00bbfadeInRight\u00a0\u00bb width=\u00a0\u00bb1\/2&Prime;]<h2  class=\"cc-title cc-title-center \"\r\nstyle=\"\">\r\n  <span>\r\n    <span>D\u00e9tendez-vous<\/span>\r\n    <span class=\"subtitle\">Nous pilotons votre projet<\/span>  <\/span>\r\n<\/h2>[vc_column_text]Avec 30 ans d\u2019exp\u00e9rience dans la <strong>construction et la r\u00e9novation<\/strong> de b\u00e2timents aux <strong>prestations haut de gamme<\/strong>, nous pouvons donner corps \u00e0 votre projet et <strong>ma\u00eetriser chaque \u00e9tape<\/strong> de votre chantier.<\/p>\n<p>Nous intervenons en qualit\u00e9 d\u2019<strong>entreprise g\u00e9n\u00e9rale<\/strong>, en tous corps d\u2019\u00e9tat, et prenons la<strong> responsabilit\u00e9 globale des travaux<\/strong> de construction ou de r\u00e9novation. Nous signons un march\u00e9 unique avec le ma\u00eetre d\u2019ouvrage et nous nous engageons sur l\u2019ensemble des lots, du clos et couvert (gros-\u0153uvre, ma\u00e7onnerie, \u00e9tanch\u00e9it\u00e9, charpente, etc.), aux finitions (carrelage, parquet, menuiseries, peinture, etc.), en passant par les corps d\u2019\u00e9tat techniques (plomberie, climatisation, \u00e9lectricit\u00e9, domotique, etc.).<\/p>\n<p>Nous coordonnons les interventions des diff\u00e9rents corps de m\u00e9tier et assurons la direction technique du chantier jusqu\u2019\u00e0 sa livraison. Nous sommes <strong>votre interlocuteur unique.<\/strong><\/p>\n<p>Nous livrons immeubles, h\u00f4tels, villas de luxe, maisons et appartements de standing<strong> sans aucune r\u00e9serve \u00e0 la r\u00e9ception<\/strong> des travaux gr\u00e2ce \u00e0 notre engagement envers une client\u00e8le ambitieuse.[\/vc_column_text][\/vc_column][\/vc_row][vc_row full_width=\u00a0\u00bbstretch_row\u00a0\u00bb][vc_column]  <div class=\"empty-space empty-space-mobile\" style=\"height: 15px;\"><\/div>\n\n  <div class=\"empty-space empty-space-tablet\" style=\"height: 20px;\"><\/div>\n\n  <div class=\"empty-space empty-space-desktop\" style=\"height: 60px;\"><\/div>\n[\/vc_column][\/vc_row][vc_row full_width=\u00a0\u00bbstretch_row\u00a0\u00bb css=\u00a0\u00bb.vc_custom_1629880171972{background-image: url(https:\/\/www.shazadconstruction.com\/wp-content\/uploads\/2021\/02\/Number1_BleuFonce.jpg?id=788) !important;background-position: center !important;background-repeat: no-repeat !important;background-size: cover !important;}\u00a0\u00bb][vc_column]  <div class=\"empty-space empty-space-mobile\" style=\"height: 15px;\"><\/div>\n\n  <div class=\"empty-space empty-space-tablet\" style=\"height: 20px;\"><\/div>\n\n  <div class=\"empty-space empty-space-desktop\" style=\"height: 100px;\"><\/div>\n[vc_row_inner][vc_column_inner width=\u00a0\u00bb1\/2&Prime;][\/vc_column_inner][vc_column_inner width=\u00a0\u00bb1\/2&Prime;]<h2  class=\"cc-title cc-title-center \"\r\nstyle=\"color: #ffffff;\">\r\n  <span>\r\n    <span>Pourquoi choisir notre entreprise g\u00e9n\u00e9rale ?<\/span>\r\n    <span class=\"subtitle\">1 seule assurance d\u00e9cennale, 1 seul interlocuteur<\/span>  <\/span>\r\n<\/h2>[vc_column_text]<span style=\"color: #ffffff;\">En cas de dommage affectant la construction ou la r\u00e9novation de votre bien, les travaux de chaque intervenant sont couverts\u00a0par <strong>notre assurance d\u00e9cennale \u00ab Global constructeur \u00bb<\/strong> Vous n\u2019aurez pas \u00e0 rechercher la responsabilit\u00e9 de chaque entreprise, nous en prenons la seule responsabilit\u00e9. Apr\u00e8s 30 ans d\u2019activit\u00e9, nous n\u2019avons jamais eu recours \u00e0 notre assurance d\u00e9cennale.<\/span><\/p>\n<p><strong><span style=\"color: #ffffff;\">Nous sommes le chef d&rsquo;orchestre de votre projet et votre seul interlocuteur.<\/span><\/strong>[\/vc_column_text][\/vc_column_inner][\/vc_row_inner]  <div class=\"empty-space empty-space-mobile\" style=\"height: 15px;\"><\/div>\n\n  <div class=\"empty-space empty-space-tablet\" style=\"height: 20px;\"><\/div>\n\n  <div class=\"empty-space empty-space-desktop\" style=\"height: 100px;\"><\/div>\n[\/vc_column][\/vc_row][vc_row][vc_column]  <div class=\"empty-space empty-space-mobile\" style=\"height: 10px;\"><\/div>\n\n  <div class=\"empty-space empty-space-tablet\" style=\"height: 20px;\"><\/div>\n\n  <div class=\"empty-space empty-space-desktop\" style=\"height: 50px;\"><\/div>\n<h2  class=\"cc-title cc-title-center \"\r\nstyle=\"\">\r\n  <span>Nos Points forts<\/span>\r\n<\/h2>[vc_row_inner gap=\u00a0\u00bb15&Prime;][vc_column_inner width=\u00a0\u00bb1\/3&Prime;]<div class=\"wpbakery-overview wpbakery-overview-layout6\">\r\n  <div class=\"wrap\">\r\n    <div class=\"image\">\r\n              <img fetchpriority=\"high\" decoding=\"async\" width=\"1200\" height=\"801\" src=\"https:\/\/www.shazadconstruction.com\/wp-content\/uploads\/2021\/02\/69968349_m-1200x801.jpg\" class=\"attachment-larger size-larger\" alt=\"Notre bureau d&#039;\u00e9tudes et de design\" srcset=\"https:\/\/www.shazadconstruction.com\/wp-content\/uploads\/2021\/02\/69968349_m-1200x801.jpg 1200w, https:\/\/www.shazadconstruction.com\/wp-content\/uploads\/2021\/02\/69968349_m-300x200.jpg 300w, https:\/\/www.shazadconstruction.com\/wp-content\/uploads\/2021\/02\/69968349_m-1024x683.jpg 1024w, https:\/\/www.shazadconstruction.com\/wp-content\/uploads\/2021\/02\/69968349_m-768x513.jpg 768w, https:\/\/www.shazadconstruction.com\/wp-content\/uploads\/2021\/02\/69968349_m-1536x1025.jpg 1536w, https:\/\/www.shazadconstruction.com\/wp-content\/uploads\/2021\/02\/69968349_m-2048x1367.jpg 2048w, https:\/\/www.shazadconstruction.com\/wp-content\/uploads\/2021\/02\/69968349_m-1920x1281.jpg 1920w\" sizes=\"(max-width: 1200px) 100vw, 1200px\" \/>          <\/div>\r\n    <div class=\"content\">\r\n      <div class=\"title\" >\r\n                  <div class=\"icon\" ><span class=\"vc_icon_element-icon fas fa-search\"><\/span><\/div>\r\n        \r\n                  <h3 >Notre bureau d'\u00e9tudes et de design<\/h3>\r\n              <\/div>\r\n      <div class=\"text\" >Pour garantir le succ\u00e8s de votre projet, nous pouvons nous appuyer sur notre bureau d\u2019\u00e9tudes,<strong> Shazad Conception<\/strong>. Pour une conception de qualit\u00e9 sup\u00e9rieure, en coh\u00e9rence avec nos prestations de travaux, <strong>notre agence s\u2019articule autour d\u2019architectes d\u2019int\u00e9rieur, ma\u00eetres d\u2019\u0153uvre,<\/strong> \u00e9conomistes de la construction et collabore \u00e9troitement avec <strong>des architectes talentueux<\/strong> et exp\u00e9riment\u00e9s. Nous effectuons toutes les <strong>d\u00e9marches administratives<\/strong> pr\u00e9alables avant la mise en chantier.<\/div>\r\n          <\/div>\r\n  <\/div>\r\n<\/div>[\/vc_column_inner][vc_column_inner width=\u00a0\u00bb1\/3&Prime;]<div class=\"wpbakery-overview wpbakery-overview-layout6\">\r\n  <div class=\"wrap\">\r\n    <div class=\"image\">\r\n              <img decoding=\"async\" width=\"1200\" height=\"899\" src=\"https:\/\/www.shazadconstruction.com\/wp-content\/uploads\/2021\/02\/IMG_20191219_134954.jpg\" class=\"attachment-larger size-larger\" alt=\"LE CHANTIER\" srcset=\"https:\/\/www.shazadconstruction.com\/wp-content\/uploads\/2021\/02\/IMG_20191219_134954.jpg 1200w, https:\/\/www.shazadconstruction.com\/wp-content\/uploads\/2021\/02\/IMG_20191219_134954-300x225.jpg 300w, https:\/\/www.shazadconstruction.com\/wp-content\/uploads\/2021\/02\/IMG_20191219_134954-1024x767.jpg 1024w, https:\/\/www.shazadconstruction.com\/wp-content\/uploads\/2021\/02\/IMG_20191219_134954-768x575.jpg 768w\" sizes=\"(max-width: 1200px) 100vw, 1200px\" \/>          <\/div>\r\n    <div class=\"content\">\r\n      <div class=\"title\" >\r\n                  <div class=\"icon\" ><span class=\"vc_icon_element-icon fas fa-hammer\"><\/span><\/div>\r\n        \r\n                  <h3 >LE CHANTIER<\/h3>\r\n              <\/div>\r\n      <div class=\"text\" >Nous pouvons nous appuyer sur <strong>nos propres salari\u00e9s<\/strong> pour l\u2019ex\u00e9cution des lots<strong> gros-\u0153uvre, ma\u00e7onnerie et carrelage<\/strong>. Concernant les autres corps de m\u00e9tier, (plombier, \u00e9lectricien, peintre, menuisier, etc.), nous sommes entour\u00e9s de sous-traitants de qualit\u00e9, qui, pour certains, nous suivent depuis nos d\u00e9buts. Gr\u00e2ce \u00e0 notre r\u00e9seau de professionnels tri\u00e9s sur le volet et fid\u00e8les au fil des ann\u00e9es, nous sommes en mesure de r\u00e9pondre \u00e0 des projets de <strong>construction ou de r\u00e9novation haut de gamme.<\/strong><\/div>\r\n          <\/div>\r\n  <\/div>\r\n<\/div>[\/vc_column_inner][vc_column_inner width=\u00a0\u00bb1\/3&Prime;]<div class=\"wpbakery-overview wpbakery-overview-layout6\">\r\n  <div class=\"wrap\">\r\n    <div class=\"image\">\r\n              <img decoding=\"async\" width=\"500\" height=\"359\" src=\"https:\/\/www.shazadconstruction.com\/wp-content\/uploads\/2021\/02\/garantie-decennale-shazad.png\" class=\"attachment-larger size-larger\" alt=\"L&#039;ASSURANCE GLOBAL CONSTRUCTEUR\" srcset=\"https:\/\/www.shazadconstruction.com\/wp-content\/uploads\/2021\/02\/garantie-decennale-shazad.png 500w, https:\/\/www.shazadconstruction.com\/wp-content\/uploads\/2021\/02\/garantie-decennale-shazad-300x215.png 300w\" sizes=\"(max-width: 500px) 100vw, 500px\" \/>          <\/div>\r\n    <div class=\"content\">\r\n      <div class=\"title\" >\r\n                  <div class=\"icon\" ><span class=\"vc_icon_element-icon fab fa-wpforms\"><\/span><\/div>\r\n        \r\n                  <h3 >L'ASSURANCE GLOBAL CONSTRUCTEUR<\/h3>\r\n              <\/div>\r\n      <div class=\"text\" >En cas de dommage affectant la construction ou la r\u00e9novation de votre bien, les travaux de chaque intervenant sont couverts par <strong>notre assurance d\u00e9cennale <\/strong>\u00ab Global constructeur \u00bb<strong>.<\/strong> Vous n\u2019aurez pas \u00e0 rechercher la responsabilit\u00e9 de chaque entreprise, nous en prenons la seule responsabilit\u00e9. Apr\u00e8s 30 ans d\u2019activit\u00e9, nous n\u2019avons<strong> jamais eu recours \u00e0 notre assurance d\u00e9cennale<\/strong><\/div>\r\n          <\/div>\r\n  <\/div>\r\n<\/div>[\/vc_column_inner][\/vc_row_inner]  <div class=\"empty-space empty-space-mobile\" style=\"height: 10px;\"><\/div>\n\n  <div class=\"empty-space empty-space-tablet\" style=\"height: 20px;\"><\/div>\n\n  <div class=\"empty-space empty-space-desktop\" style=\"height: 50px;\"><\/div>\n[\/vc_column][\/vc_row][vc_row full_width=\u00a0\u00bbstretch_row\u00a0\u00bb css=\u00a0\u00bb.vc_custom_1612981135560{background-color: #f2f2f2 !important;}\u00a0\u00bb][vc_column]  <div class=\"empty-space empty-space-mobile\" style=\"height: 15px;\"><\/div>\n\n  <div class=\"empty-space empty-space-tablet\" style=\"height: 20px;\"><\/div>\n\n  <div class=\"empty-space empty-space-desktop\" style=\"height: 60px;\"><\/div>\n<h2  class=\"cc-title cc-title-center \"\r\nstyle=\"\">\r\n  <span>\r\n    <span>Un interlocuteur unique<\/span>\r\n    <span class=\"subtitle\">Nous vous assistons \u00e0 chaque \u00e9tape<\/span>  <\/span>\r\n<\/h2>  <div class=\"empty-space empty-space-mobile\" style=\"height: 10px;\"><\/div>\n\n  <div class=\"empty-space empty-space-tablet\" style=\"height: 10px;\"><\/div>\n\n  <div class=\"empty-space empty-space-desktop\" style=\"height: 10px;\"><\/div>\n[\/vc_column][\/vc_row][vc_row full_width=\u00a0\u00bbstretch_row\u00a0\u00bb gap=\u00a0\u00bb20&Prime; css=\u00a0\u00bb.vc_custom_1612981146746{background-color: #f2f2f2 !important;}\u00a0\u00bb][vc_column width=\u00a0\u00bb1\/3&Prime;][vc_single_image image=\u00a0\u00bb343&Prime; img_size=\u00a0\u00bb75&#215;75&Prime; alignment=\u00a0\u00bbcenter\u00a0\u00bb][vc_column_text]<\/p>\n<p style=\"text-align: center;\"><strong><span style=\"font-size: 16px;\">\u00c9tape 1<\/span><\/strong><br \/>\nR\u00e9flexion sur votre projet de construction ou de r\u00e9novation en partenariat avec <span style=\"text-decoration: underline;\"><a href=\"https:\/\/www.shazadconstruction.com\/fr\/shazad-conception\/\">Shazad Conception<\/a><\/span><\/p>\n<p>[\/vc_column_text]\n  <div class=\"empty-space empty-space-tablet\" style=\"height: 20px;\"><\/div>\n\n  <div class=\"empty-space empty-space-desktop\" style=\"height: 20px;\"><\/div>\n[\/vc_column][vc_column width=\u00a0\u00bb1\/3&Prime;][vc_single_image image=\u00a0\u00bb348&Prime; img_size=\u00a0\u00bb75&#215;75&Prime; alignment=\u00a0\u00bbcenter\u00a0\u00bb][vc_column_text]<\/p>\n<p style=\"text-align: center;\"><strong><span style=\"font-size: 16px;\">\u00c9tape 2<\/span><\/strong><br \/>\n\u00c9tablissement de plans et d\u00e9marches administratives en partenariat avec Shazad Conception<\/p>\n<p>[\/vc_column_text]\n  <div class=\"empty-space empty-space-tablet\" style=\"height: 20px;\"><\/div>\n\n  <div class=\"empty-space empty-space-desktop\" style=\"height: 20px;\"><\/div>\n[\/vc_column][vc_column width=\u00a0\u00bb1\/3&Prime;][vc_single_image image=\u00a0\u00bb352&Prime; img_size=\u00a0\u00bb75&#215;75&Prime; alignment=\u00a0\u00bbcenter\u00a0\u00bb][vc_column_text]<\/p>\n<p style=\"text-align: center;\"><strong><span style=\"font-size: 16px;\">\u00c9tape 3<\/span><\/strong><br \/>\nConsultation d\u2019un bureau d\u2019\u00e9tudes techniques si n\u00e9cessaire<\/p>\n<p>[\/vc_column_text]\n  <div class=\"empty-space empty-space-tablet\" style=\"height: 20px;\"><\/div>\n\n  <div class=\"empty-space empty-space-desktop\" style=\"height: 20px;\"><\/div>\n[\/vc_column][\/vc_row][vc_row full_width=\u00a0\u00bbstretch_row\u00a0\u00bb gap=\u00a0\u00bb20&Prime; css=\u00a0\u00bb.vc_custom_1612981166677{background-color: #f2f2f2 !important;}\u00a0\u00bb][vc_column width=\u00a0\u00bb1\/3&Prime;][vc_single_image image=\u00a0\u00bb495&Prime; img_size=\u00a0\u00bb75&#215;75&Prime; alignment=\u00a0\u00bbcenter\u00a0\u00bb][vc_column_text]<\/p>\n<p style=\"text-align: center;\"><strong><span style=\"font-size: 16px;\">\u00c9tape 4<\/span><\/strong><br \/>\n\u00c9tablissement des devis<\/p>\n<p>[\/vc_column_text][\/vc_column][vc_column width=\u00a0\u00bb1\/3&Prime;][vc_single_image image=\u00a0\u00bb499&Prime; img_size=\u00a0\u00bb75&#215;75&Prime; alignment=\u00a0\u00bbcenter\u00a0\u00bb][vc_column_text]<\/p>\n<p style=\"text-align: center;\"><strong><span style=\"font-size: 16px;\">\u00c9tape 5<\/span><\/strong><br \/>\nMise en chantier et coordination des diff\u00e9rents intervenants<\/p>\n<p>[\/vc_column_text][\/vc_column][vc_column width=\u00a0\u00bb1\/3&Prime;][vc_single_image image=\u00a0\u00bb503&Prime; img_size=\u00a0\u00bb75&#215;75&Prime; alignment=\u00a0\u00bbcenter\u00a0\u00bb][vc_column_text]<\/p>\n<p style=\"text-align: center;\"><strong><span style=\"font-size: 16px;\">\u00c9tape 6<\/span><\/strong><br \/>\nLivraison des travaux, am\u00e9nagement et remise des cl\u00e9s<\/p>\n<p>[\/vc_column_text][\/vc_column][\/vc_row][vc_row full_width=\u00a0\u00bbstretch_row\u00a0\u00bb css=\u00a0\u00bb.vc_custom_1612981157096{background-color: #f2f2f2 !important;}\u00a0\u00bb][vc_column]  <div class=\"empty-space empty-space-mobile\" style=\"height: 15px;\"><\/div>\n\n  <div class=\"empty-space empty-space-tablet\" style=\"height: 20px;\"><\/div>\n\n  <div class=\"empty-space empty-space-desktop\" style=\"height: 20px;\"><\/div>\n[\/vc_column][\/vc_row]<\/p>\n","protected":false},"excerpt":{"rendered":"<p>[vc_row][vc_column width=\u00a0\u00bb1\/2&Prime;][vc_single_image image=\u00a0\u00bb725&Prime; img_size=\u00a0\u00bb500&#215;600&Prime;][\/vc_column][vc_column css_animation=\u00a0\u00bbfadeInRight\u00a0\u00bb width=\u00a0\u00bb1\/2&Prime;][vc_column_text]Avec 30 ans d\u2019exp\u00e9rience dans la construction et la r\u00e9novation de b\u00e2timents aux prestations haut de gamme, nous pouvons donner corps \u00e0 votre projet et ma\u00eetriser chaque \u00e9tape de votre chantier. Nous intervenons en qualit\u00e9 d\u2019entreprise g\u00e9n\u00e9rale, en tous corps d\u2019\u00e9tat, et prenons la responsabilit\u00e9 globale des travaux de construction [&hellip;]<\/p>\n","protected":false},"author":2,"featured_media":178,"parent":0,"menu_order":0,"comment_status":"closed","ping_status":"closed","template":"","meta":{"footnotes":""},"class_list":["post-332","page","type-page","status-publish","has-post-thumbnail","hentry"],"yoast_head":"<!-- This site is optimized with the Yoast SEO plugin v27.5 - https:\/\/yoast.com\/product\/yoast-seo-wordpress\/ -->\n<title>Entreprise g\u00e9n\u00e9rale de b\u00e2timent C\u00f4te d&#039;Azur - Shazad Construction<\/title>\n<meta name=\"description\" content=\"Notre entreprise de construction est le chef d\u2019orchestre et votre seul interlocuteur pour mener \u00e0 bien votre projet en neuf ou r\u00e9novation.\" \/>\n<meta name=\"robots\" content=\"index, follow, max-snippet:-1, max-image-preview:large, max-video-preview:-1\" \/>\n<link rel=\"canonical\" href=\"https:\/\/www.shazadconstruction.com\/fr\/entreprise-generale\/\" \/>\n<meta property=\"og:locale\" content=\"fr_FR\" \/>\n<meta property=\"og:type\" content=\"article\" \/>\n<meta property=\"og:title\" content=\"Entreprise g\u00e9n\u00e9rale de b\u00e2timent C\u00f4te d&#039;Azur - Shazad Construction\" \/>\n<meta property=\"og:description\" content=\"Notre entreprise de construction est le chef d\u2019orchestre et votre seul interlocuteur pour mener \u00e0 bien votre projet en neuf ou r\u00e9novation.\" \/>\n<meta property=\"og:url\" content=\"https:\/\/www.shazadconstruction.com\/fr\/entreprise-generale\/\" \/>\n<meta property=\"og:site_name\" content=\"Shazad Construction\" \/>\n<meta property=\"article:modified_time\" content=\"2026-03-02T10:45:47+00:00\" \/>\n<meta property=\"og:image\" content=\"https:\/\/www.shazadconstruction.com\/wp-content\/uploads\/2021\/01\/header-shazad.jpg\" \/>\n\t<meta property=\"og:image:width\" content=\"1920\" \/>\n\t<meta property=\"og:image:height\" content=\"300\" \/>\n\t<meta property=\"og:image:type\" content=\"image\/jpeg\" \/>\n<meta name=\"twitter:card\" content=\"summary_large_image\" \/>\n<meta name=\"twitter:label1\" content=\"Dur\u00e9e de lecture estim\u00e9e\" \/>\n\t<meta name=\"twitter:data1\" content=\"4 minutes\" \/>\n<script type=\"application\/ld+json\" class=\"yoast-schema-graph\">{\"@context\":\"https:\\\/\\\/schema.org\",\"@graph\":[{\"@type\":\"WebPage\",\"@id\":\"https:\\\/\\\/www.shazadconstruction.com\\\/fr\\\/entreprise-generale\\\/\",\"url\":\"https:\\\/\\\/www.shazadconstruction.com\\\/fr\\\/entreprise-generale\\\/\",\"name\":\"Entreprise g\u00e9n\u00e9rale de b\u00e2timent C\u00f4te d'Azur - Shazad Construction\",\"isPartOf\":{\"@id\":\"https:\\\/\\\/www.shazadconstruction.com\\\/fr\\\/#website\"},\"primaryImageOfPage\":{\"@id\":\"https:\\\/\\\/www.shazadconstruction.com\\\/fr\\\/entreprise-generale\\\/#primaryimage\"},\"image\":{\"@id\":\"https:\\\/\\\/www.shazadconstruction.com\\\/fr\\\/entreprise-generale\\\/#primaryimage\"},\"thumbnailUrl\":\"https:\\\/\\\/www.shazadconstruction.com\\\/wp-content\\\/uploads\\\/2021\\\/01\\\/header-shazad.jpg\",\"datePublished\":\"2021-01-31T15:30:02+00:00\",\"dateModified\":\"2026-03-02T10:45:47+00:00\",\"description\":\"Notre entreprise de construction est le chef d\u2019orchestre et votre seul interlocuteur pour mener \u00e0 bien votre projet en neuf ou r\u00e9novation.\",\"breadcrumb\":{\"@id\":\"https:\\\/\\\/www.shazadconstruction.com\\\/fr\\\/entreprise-generale\\\/#breadcrumb\"},\"inLanguage\":\"fr-FR\",\"potentialAction\":[{\"@type\":\"ReadAction\",\"target\":[\"https:\\\/\\\/www.shazadconstruction.com\\\/fr\\\/entreprise-generale\\\/\"]}]},{\"@type\":\"ImageObject\",\"inLanguage\":\"fr-FR\",\"@id\":\"https:\\\/\\\/www.shazadconstruction.com\\\/fr\\\/entreprise-generale\\\/#primaryimage\",\"url\":\"https:\\\/\\\/www.shazadconstruction.com\\\/wp-content\\\/uploads\\\/2021\\\/01\\\/header-shazad.jpg\",\"contentUrl\":\"https:\\\/\\\/www.shazadconstruction.com\\\/wp-content\\\/uploads\\\/2021\\\/01\\\/header-shazad.jpg\",\"width\":1920,\"height\":300,\"caption\":\"header-shazad\"},{\"@type\":\"BreadcrumbList\",\"@id\":\"https:\\\/\\\/www.shazadconstruction.com\\\/fr\\\/entreprise-generale\\\/#breadcrumb\",\"itemListElement\":[{\"@type\":\"ListItem\",\"position\":1,\"name\":\"Accueil\",\"item\":\"https:\\\/\\\/www.shazadconstruction.com\\\/fr\\\/\"},{\"@type\":\"ListItem\",\"position\":2,\"name\":\"Entreprise g\u00e9n\u00e9rale\"}]},{\"@type\":\"WebSite\",\"@id\":\"https:\\\/\\\/www.shazadconstruction.com\\\/fr\\\/#website\",\"url\":\"https:\\\/\\\/www.shazadconstruction.com\\\/fr\\\/\",\"name\":\"Shazad Construction\",\"description\":\"\",\"potentialAction\":[{\"@type\":\"SearchAction\",\"target\":{\"@type\":\"EntryPoint\",\"urlTemplate\":\"https:\\\/\\\/www.shazadconstruction.com\\\/fr\\\/?s={search_term_string}\"},\"query-input\":{\"@type\":\"PropertyValueSpecification\",\"valueRequired\":true,\"valueName\":\"search_term_string\"}}],\"inLanguage\":\"fr-FR\"}]}<\/script>\n<!-- \/ Yoast SEO plugin. -->","yoast_head_json":{"title":"Entreprise g\u00e9n\u00e9rale de b\u00e2timent C\u00f4te d'Azur - Shazad Construction","description":"Notre entreprise de construction est le chef d\u2019orchestre et votre seul interlocuteur pour mener \u00e0 bien votre projet en neuf ou r\u00e9novation.","robots":{"index":"index","follow":"follow","max-snippet":"max-snippet:-1","max-image-preview":"max-image-preview:large","max-video-preview":"max-video-preview:-1"},"canonical":"https:\/\/www.shazadconstruction.com\/fr\/entreprise-generale\/","og_locale":"fr_FR","og_type":"article","og_title":"Entreprise g\u00e9n\u00e9rale de b\u00e2timent C\u00f4te d'Azur - Shazad Construction","og_description":"Notre entreprise de construction est le chef d\u2019orchestre et votre seul interlocuteur pour mener \u00e0 bien votre projet en neuf ou r\u00e9novation.","og_url":"https:\/\/www.shazadconstruction.com\/fr\/entreprise-generale\/","og_site_name":"Shazad Construction","article_modified_time":"2026-03-02T10:45:47+00:00","og_image":[{"width":1920,"height":300,"url":"https:\/\/www.shazadconstruction.com\/wp-content\/uploads\/2021\/01\/header-shazad.jpg","type":"image\/jpeg"}],"twitter_card":"summary_large_image","twitter_misc":{"Dur\u00e9e de lecture estim\u00e9e":"4 minutes"},"schema":{"@context":"https:\/\/schema.org","@graph":[{"@type":"WebPage","@id":"https:\/\/www.shazadconstruction.com\/fr\/entreprise-generale\/","url":"https:\/\/www.shazadconstruction.com\/fr\/entreprise-generale\/","name":"Entreprise g\u00e9n\u00e9rale de b\u00e2timent C\u00f4te d'Azur - Shazad Construction","isPartOf":{"@id":"https:\/\/www.shazadconstruction.com\/fr\/#website"},"primaryImageOfPage":{"@id":"https:\/\/www.shazadconstruction.com\/fr\/entreprise-generale\/#primaryimage"},"image":{"@id":"https:\/\/www.shazadconstruction.com\/fr\/entreprise-generale\/#primaryimage"},"thumbnailUrl":"https:\/\/www.shazadconstruction.com\/wp-content\/uploads\/2021\/01\/header-shazad.jpg","datePublished":"2021-01-31T15:30:02+00:00","dateModified":"2026-03-02T10:45:47+00:00","description":"Notre entreprise de construction est le chef d\u2019orchestre et votre seul interlocuteur pour mener \u00e0 bien votre projet en neuf ou r\u00e9novation.","breadcrumb":{"@id":"https:\/\/www.shazadconstruction.com\/fr\/entreprise-generale\/#breadcrumb"},"inLanguage":"fr-FR","potentialAction":[{"@type":"ReadAction","target":["https:\/\/www.shazadconstruction.com\/fr\/entreprise-generale\/"]}]},{"@type":"ImageObject","inLanguage":"fr-FR","@id":"https:\/\/www.shazadconstruction.com\/fr\/entreprise-generale\/#primaryimage","url":"https:\/\/www.shazadconstruction.com\/wp-content\/uploads\/2021\/01\/header-shazad.jpg","contentUrl":"https:\/\/www.shazadconstruction.com\/wp-content\/uploads\/2021\/01\/header-shazad.jpg","width":1920,"height":300,"caption":"header-shazad"},{"@type":"BreadcrumbList","@id":"https:\/\/www.shazadconstruction.com\/fr\/entreprise-generale\/#breadcrumb","itemListElement":[{"@type":"ListItem","position":1,"name":"Accueil","item":"https:\/\/www.shazadconstruction.com\/fr\/"},{"@type":"ListItem","position":2,"name":"Entreprise g\u00e9n\u00e9rale"}]},{"@type":"WebSite","@id":"https:\/\/www.shazadconstruction.com\/fr\/#website","url":"https:\/\/www.shazadconstruction.com\/fr\/","name":"Shazad Construction","description":"","potentialAction":[{"@type":"SearchAction","target":{"@type":"EntryPoint","urlTemplate":"https:\/\/www.shazadconstruction.com\/fr\/?s={search_term_string}"},"query-input":{"@type":"PropertyValueSpecification","valueRequired":true,"valueName":"search_term_string"}}],"inLanguage":"fr-FR"}]}},"_links":{"self":[{"href":"https:\/\/www.shazadconstruction.com\/fr\/wp-json\/wp\/v2\/pages\/332","targetHints":{"allow":["GET"]}}],"collection":[{"href":"https:\/\/www.shazadconstruction.com\/fr\/wp-json\/wp\/v2\/pages"}],"about":[{"href":"https:\/\/www.shazadconstruction.com\/fr\/wp-json\/wp\/v2\/types\/page"}],"author":[{"embeddable":true,"href":"https:\/\/www.shazadconstruction.com\/fr\/wp-json\/wp\/v2\/users\/2"}],"replies":[{"embeddable":true,"href":"https:\/\/www.shazadconstruction.com\/fr\/wp-json\/wp\/v2\/comments?post=332"}],"version-history":[{"count":2,"href":"https:\/\/www.shazadconstruction.com\/fr\/wp-json\/wp\/v2\/pages\/332\/revisions"}],"predecessor-version":[{"id":3061,"href":"https:\/\/www.shazadconstruction.com\/fr\/wp-json\/wp\/v2\/pages\/332\/revisions\/3061"}],"wp:featuredmedia":[{"embeddable":true,"href":"https:\/\/www.shazadconstruction.com\/fr\/wp-json\/wp\/v2\/media\/178"}],"wp:attachment":[{"href":"https:\/\/www.shazadconstruction.com\/fr\/wp-json\/wp\/v2\/media?parent=332"}],"curies":[{"name":"wp","href":"https:\/\/api.w.org\/{rel}","templated":true}]}}